{"id":131074,"date":"2013-06-21T12:29:38","date_gmt":"2013-06-21T10:29:38","guid":{"rendered":"https:\/\/cavalor.comour-products\/arti-motion\/"},"modified":"2024-10-29T15:37:17","modified_gmt":"2024-10-29T14:37:17","slug":"arti-motion","status":"publish","type":"product","link":"https:\/\/cavalor.com\/de\/ergaenzungsmittel-pferd\/gelenke-sehnen-bander\/arti-motion\/","title":{"rendered":"Arti Motion"},"content":{"rendered":"","protected":false},"excerpt":{"rendered":"<p>Erg\u00e4nzungsmittel zur Unterst\u00fctzung der Entwicklung gesunder Sehnen und Gelenke<\/p>\n","protected":false},"featured_media":18528,"comment_status":"closed","ping_status":"closed","template":"","meta":{"_improvement_type_select":"improve_an_existing","_thumb_yes_seoaic":false,"_frame_yes_seoaic":false,"seoaic_generate_description":"","seoaic_improve_instructions_prompt":"","seoaic_rollback_content_improvement":"","seoaic_idea_thumbnail_generator":"","thumbnail_generated":false,"thumbnail_generate_prompt":"","seoaic_article_description":"","footnotes":""},"product_brand":[],"product_cat":[1255,1397],"product_tag":[],"doelgroep":[1211],"_hot_topics_race":[],"search-archive":[500],"bezorgdheden":[],"nieuw":[],"focus":[359],"life-phase":[393],"range":[],"sales-location":[212],"product-category":[],"_hot_topics":[],"class_list":{"0":"post-131074","1":"product","2":"type-product","3":"status-publish","4":"has-post-thumbnail","6":"product_cat-ergaenzungsmittel-pferd","7":"product_cat-gelenke-sehnen-bander","8":"focus-gelenke-sehnen","10":"first","11":"instock","12":"product-type-simple"},"yoast_head":"<!-- This site is optimized with the Yoast SEO Premium plugin v27.4 (Yoast SEO v27.4) - https:\/\/yoast.com\/product\/yoast-seo-premium-wordpress\/ -->\n<title>Arti Motion | Starkere Knochen und beweglichere Gelenke | Cavalor<\/title>\n<meta name=\"description\" content=\"Cavalor Arti Motion sorgt f\u00fcr die optimale Unterst\u00fctzung von gesunden Gelenken und Sehnen. Enth\u00e4lt unter anderem Kollagen, MSM und Glucosamin\" \/>\n<meta name=\"robots\" content=\"index, follow, max-snippet:-1, max-image-preview:large, max-video-preview:-1\" \/>\n<link rel=\"canonical\" href=\"https:\/\/cavalor.com\/de\/ergaenzungsmittel-pferd\/gelenke-sehnen-bander\/arti-motion\/\" \/>\n<meta property=\"og:locale\" content=\"de_DE\" \/>\n<meta property=\"og:type\" content=\"article\" \/>\n<meta property=\"og:title\" content=\"Arti Motion\" \/>\n<meta property=\"og:description\" content=\"Cavalor Arti Motion sorgt f\u00fcr die optimale Unterst\u00fctzung von gesunden Gelenken und Sehnen. Enth\u00e4lt unter anderem Kollagen, MSM und Glucosamin\" \/>\n<meta property=\"og:url\" content=\"https:\/\/cavalor.com\/de\/ergaenzungsmittel-pferd\/gelenke-sehnen-bander\/arti-motion\/\" \/>\n<meta property=\"og:site_name\" content=\"Cavalor\" \/>\n<meta property=\"article:publisher\" content=\"https:\/\/www.facebook.com\/yourcavalor\" \/>\n<meta property=\"article:modified_time\" content=\"2024-10-29T14:37:17+00:00\" \/>\n<meta property=\"og:image\" content=\"https:\/\/cavalor.com\/wp-content\/uploads\/2021\/09\/Arti-Motion-5kg_EU.jpg\" \/>\n\t<meta property=\"og:image:width\" content=\"720\" \/>\n\t<meta property=\"og:image:height\" content=\"480\" \/>\n\t<meta property=\"og:image:type\" content=\"image\/jpeg\" \/>\n<meta name=\"twitter:card\" content=\"summary_large_image\" \/>\n<meta name=\"twitter:site\" content=\"@cavalor\" \/>\n<meta name=\"twitter:label1\" content=\"Gesch\u00e4tzte Lesezeit\" \/>\n\t<meta name=\"twitter:data1\" content=\"1 Minute\" \/>\n<script type=\"application\/ld+json\" class=\"yoast-schema-graph\">{\"@context\":\"https:\\\/\\\/schema.org\",\"@graph\":[{\"@type\":\"WebPage\",\"@id\":\"https:\\\/\\\/cavalor.com\\\/de\\\/ergaenzungsmittel-pferd\\\/gelenke-sehnen-bander\\\/arti-motion\\\/\",\"url\":\"https:\\\/\\\/cavalor.com\\\/de\\\/ergaenzungsmittel-pferd\\\/gelenke-sehnen-bander\\\/arti-motion\\\/\",\"name\":\"Arti Motion | Starkere Knochen und beweglichere Gelenke | Cavalor\",\"isPartOf\":{\"@id\":\"https:\\\/\\\/cavalor.com\\\/de\\\/#website\"},\"primaryImageOfPage\":{\"@id\":\"https:\\\/\\\/cavalor.com\\\/de\\\/ergaenzungsmittel-pferd\\\/gelenke-sehnen-bander\\\/arti-motion\\\/#primaryimage\"},\"image\":{\"@id\":\"https:\\\/\\\/cavalor.com\\\/de\\\/ergaenzungsmittel-pferd\\\/gelenke-sehnen-bander\\\/arti-motion\\\/#primaryimage\"},\"thumbnailUrl\":\"https:\\\/\\\/cavalor.com\\\/wp-content\\\/uploads\\\/2021\\\/09\\\/Arti-Motion-5kg_EU.jpg\",\"datePublished\":\"2013-06-21T10:29:38+00:00\",\"dateModified\":\"2024-10-29T14:37:17+00:00\",\"description\":\"Cavalor Arti Motion sorgt f\u00fcr die optimale Unterst\u00fctzung von gesunden Gelenken und Sehnen. Enth\u00e4lt unter anderem Kollagen, MSM und Glucosamin\",\"breadcrumb\":{\"@id\":\"https:\\\/\\\/cavalor.com\\\/de\\\/ergaenzungsmittel-pferd\\\/gelenke-sehnen-bander\\\/arti-motion\\\/#breadcrumb\"},\"inLanguage\":\"de-DE\",\"potentialAction\":[{\"@type\":\"ReadAction\",\"target\":[\"https:\\\/\\\/cavalor.com\\\/de\\\/ergaenzungsmittel-pferd\\\/gelenke-sehnen-bander\\\/arti-motion\\\/\"]}]},{\"@type\":\"ImageObject\",\"inLanguage\":\"de-DE\",\"@id\":\"https:\\\/\\\/cavalor.com\\\/de\\\/ergaenzungsmittel-pferd\\\/gelenke-sehnen-bander\\\/arti-motion\\\/#primaryimage\",\"url\":\"https:\\\/\\\/cavalor.com\\\/wp-content\\\/uploads\\\/2021\\\/09\\\/Arti-Motion-5kg_EU.jpg\",\"contentUrl\":\"https:\\\/\\\/cavalor.com\\\/wp-content\\\/uploads\\\/2021\\\/09\\\/Arti-Motion-5kg_EU.jpg\",\"width\":720,\"height\":480},{\"@type\":\"BreadcrumbList\",\"@id\":\"https:\\\/\\\/cavalor.com\\\/de\\\/ergaenzungsmittel-pferd\\\/gelenke-sehnen-bander\\\/arti-motion\\\/#breadcrumb\",\"itemListElement\":[{\"@type\":\"ListItem\",\"position\":1,\"name\":\"Home\",\"item\":\"https:\\\/\\\/cavalor.com\\\/de\\\/\"},{\"@type\":\"ListItem\",\"position\":2,\"name\":\"Shop\",\"item\":\"https:\\\/\\\/cavalor.com\\\/en-us\\\/shop-2\\\/\"},{\"@type\":\"ListItem\",\"position\":3,\"name\":\"Arti Motion\"}]},{\"@type\":\"WebSite\",\"@id\":\"https:\\\/\\\/cavalor.com\\\/de\\\/#website\",\"url\":\"https:\\\/\\\/cavalor.com\\\/de\\\/\",\"name\":\"Cavalor\",\"description\":\"Nutrition for horses\",\"publisher\":{\"@id\":\"https:\\\/\\\/cavalor.com\\\/de\\\/#organization\"},\"potentialAction\":[{\"@type\":\"SearchAction\",\"target\":{\"@type\":\"EntryPoint\",\"urlTemplate\":\"https:\\\/\\\/cavalor.com\\\/de\\\/?s={search_term_string}\"},\"query-input\":{\"@type\":\"PropertyValueSpecification\",\"valueRequired\":true,\"valueName\":\"search_term_string\"}}],\"inLanguage\":\"de-DE\"},{\"@type\":\"Organization\",\"@id\":\"https:\\\/\\\/cavalor.com\\\/de\\\/#organization\",\"name\":\"Cavalor\",\"url\":\"https:\\\/\\\/cavalor.com\\\/de\\\/\",\"logo\":{\"@type\":\"ImageObject\",\"inLanguage\":\"de-DE\",\"@id\":\"https:\\\/\\\/cavalor.com\\\/de\\\/#\\\/schema\\\/logo\\\/image\\\/\",\"url\":\"https:\\\/\\\/cavalor.com\\\/wp-content\\\/uploads\\\/2025\\\/03\\\/cavalor-logo.png\",\"contentUrl\":\"https:\\\/\\\/cavalor.com\\\/wp-content\\\/uploads\\\/2025\\\/03\\\/cavalor-logo.png\",\"width\":696,\"height\":696,\"caption\":\"Cavalor\"},\"image\":{\"@id\":\"https:\\\/\\\/cavalor.com\\\/de\\\/#\\\/schema\\\/logo\\\/image\\\/\"},\"sameAs\":[\"https:\\\/\\\/www.facebook.com\\\/yourcavalor\",\"https:\\\/\\\/x.com\\\/cavalor\",\"https:\\\/\\\/nl.linkedin.com\\\/company\\\/cavalor\",\"https:\\\/\\\/www.youtube.com\\\/user\\\/CavalorVideo\"],\"description\":\"From the first steps in the world of equestrian sport to the ultimate partnership of horse and rider: we are here to accompany you on your journey. We assist you in making the right feed decisions to bring out the best in you and your horse. Not as a quick fix, but with a view to the horizon. We\u2019re committed to good health inside and out. Our products are created to meet the needs of your horse in any sport, any phase of life, and any specific requirements. Ambition is what drives us and makes us grow. All of us. At Cavalor, we challenge ourselves to gain more knowledge and improve continuously. That\u2019s how we develop our products; every product is borne of a rational and unique view on equine feeding and care \u2013 supported by scientific research and driven by the desire for the health of the horse and the meeting of its needs.\",\"email\":\"info@cavalor.com\",\"telephone\":\"+32 (0)9 220 25 25\"}]}<\/script>\n<!-- \/ Yoast SEO Premium plugin. -->","yoast_head_json":{"title":"Arti Motion | Starkere Knochen und beweglichere Gelenke | Cavalor","description":"Cavalor Arti Motion sorgt f\u00fcr die optimale Unterst\u00fctzung von gesunden Gelenken und Sehnen. Enth\u00e4lt unter anderem Kollagen, MSM und Glucosamin","robots":{"index":"index","follow":"follow","max-snippet":"max-snippet:-1","max-image-preview":"max-image-preview:large","max-video-preview":"max-video-preview:-1"},"canonical":"https:\/\/cavalor.com\/de\/ergaenzungsmittel-pferd\/gelenke-sehnen-bander\/arti-motion\/","og_locale":"de_DE","og_type":"article","og_title":"Arti Motion","og_description":"Cavalor Arti Motion sorgt f\u00fcr die optimale Unterst\u00fctzung von gesunden Gelenken und Sehnen. Enth\u00e4lt unter anderem Kollagen, MSM und Glucosamin","og_url":"https:\/\/cavalor.com\/de\/ergaenzungsmittel-pferd\/gelenke-sehnen-bander\/arti-motion\/","og_site_name":"Cavalor","article_publisher":"https:\/\/www.facebook.com\/yourcavalor","article_modified_time":"2024-10-29T14:37:17+00:00","og_image":[{"width":720,"height":480,"url":"https:\/\/cavalor.com\/wp-content\/uploads\/2021\/09\/Arti-Motion-5kg_EU.jpg","type":"image\/jpeg"}],"twitter_card":"summary_large_image","twitter_site":"@cavalor","twitter_misc":{"Gesch\u00e4tzte Lesezeit":"1 Minute"},"schema":{"@context":"https:\/\/schema.org","@graph":[{"@type":"WebPage","@id":"https:\/\/cavalor.com\/de\/ergaenzungsmittel-pferd\/gelenke-sehnen-bander\/arti-motion\/","url":"https:\/\/cavalor.com\/de\/ergaenzungsmittel-pferd\/gelenke-sehnen-bander\/arti-motion\/","name":"Arti Motion | Starkere Knochen und beweglichere Gelenke | Cavalor","isPartOf":{"@id":"https:\/\/cavalor.com\/de\/#website"},"primaryImageOfPage":{"@id":"https:\/\/cavalor.com\/de\/ergaenzungsmittel-pferd\/gelenke-sehnen-bander\/arti-motion\/#primaryimage"},"image":{"@id":"https:\/\/cavalor.com\/de\/ergaenzungsmittel-pferd\/gelenke-sehnen-bander\/arti-motion\/#primaryimage"},"thumbnailUrl":"https:\/\/cavalor.com\/wp-content\/uploads\/2021\/09\/Arti-Motion-5kg_EU.jpg","datePublished":"2013-06-21T10:29:38+00:00","dateModified":"2024-10-29T14:37:17+00:00","description":"Cavalor Arti Motion sorgt f\u00fcr die optimale Unterst\u00fctzung von gesunden Gelenken und Sehnen. Enth\u00e4lt unter anderem Kollagen, MSM und Glucosamin","breadcrumb":{"@id":"https:\/\/cavalor.com\/de\/ergaenzungsmittel-pferd\/gelenke-sehnen-bander\/arti-motion\/#breadcrumb"},"inLanguage":"de-DE","potentialAction":[{"@type":"ReadAction","target":["https:\/\/cavalor.com\/de\/ergaenzungsmittel-pferd\/gelenke-sehnen-bander\/arti-motion\/"]}]},{"@type":"ImageObject","inLanguage":"de-DE","@id":"https:\/\/cavalor.com\/de\/ergaenzungsmittel-pferd\/gelenke-sehnen-bander\/arti-motion\/#primaryimage","url":"https:\/\/cavalor.com\/wp-content\/uploads\/2021\/09\/Arti-Motion-5kg_EU.jpg","contentUrl":"https:\/\/cavalor.com\/wp-content\/uploads\/2021\/09\/Arti-Motion-5kg_EU.jpg","width":720,"height":480},{"@type":"BreadcrumbList","@id":"https:\/\/cavalor.com\/de\/ergaenzungsmittel-pferd\/gelenke-sehnen-bander\/arti-motion\/#breadcrumb","itemListElement":[{"@type":"ListItem","position":1,"name":"Home","item":"https:\/\/cavalor.com\/de\/"},{"@type":"ListItem","position":2,"name":"Shop","item":"https:\/\/cavalor.com\/en-us\/shop-2\/"},{"@type":"ListItem","position":3,"name":"Arti Motion"}]},{"@type":"WebSite","@id":"https:\/\/cavalor.com\/de\/#website","url":"https:\/\/cavalor.com\/de\/","name":"Cavalor","description":"Nutrition for horses","publisher":{"@id":"https:\/\/cavalor.com\/de\/#organization"},"potentialAction":[{"@type":"SearchAction","target":{"@type":"EntryPoint","urlTemplate":"https:\/\/cavalor.com\/de\/?s={search_term_string}"},"query-input":{"@type":"PropertyValueSpecification","valueRequired":true,"valueName":"search_term_string"}}],"inLanguage":"de-DE"},{"@type":"Organization","@id":"https:\/\/cavalor.com\/de\/#organization","name":"Cavalor","url":"https:\/\/cavalor.com\/de\/","logo":{"@type":"ImageObject","inLanguage":"de-DE","@id":"https:\/\/cavalor.com\/de\/#\/schema\/logo\/image\/","url":"https:\/\/cavalor.com\/wp-content\/uploads\/2025\/03\/cavalor-logo.png","contentUrl":"https:\/\/cavalor.com\/wp-content\/uploads\/2025\/03\/cavalor-logo.png","width":696,"height":696,"caption":"Cavalor"},"image":{"@id":"https:\/\/cavalor.com\/de\/#\/schema\/logo\/image\/"},"sameAs":["https:\/\/www.facebook.com\/yourcavalor","https:\/\/x.com\/cavalor","https:\/\/nl.linkedin.com\/company\/cavalor","https:\/\/www.youtube.com\/user\/CavalorVideo"],"description":"From the first steps in the world of equestrian sport to the ultimate partnership of horse and rider: we are here to accompany you on your journey. We assist you in making the right feed decisions to bring out the best in you and your horse. Not as a quick fix, but with a view to the horizon. We\u2019re committed to good health inside and out. Our products are created to meet the needs of your horse in any sport, any phase of life, and any specific requirements. Ambition is what drives us and makes us grow. All of us. At Cavalor, we challenge ourselves to gain more knowledge and improve continuously. That\u2019s how we develop our products; every product is borne of a rational and unique view on equine feeding and care \u2013 supported by scientific research and driven by the desire for the health of the horse and the meeting of its needs.","email":"info@cavalor.com","telephone":"+32 (0)9 220 25 25"}]}},"_links":{"self":[{"href":"https:\/\/cavalor.com\/de\/wp-json\/wp\/v2\/product\/131074","targetHints":{"allow":["GET"]}}],"collection":[{"href":"https:\/\/cavalor.com\/de\/wp-json\/wp\/v2\/product"}],"about":[{"href":"https:\/\/cavalor.com\/de\/wp-json\/wp\/v2\/types\/product"}],"replies":[{"embeddable":true,"href":"https:\/\/cavalor.com\/de\/wp-json\/wp\/v2\/comments?post=131074"}],"version-history":[{"count":0,"href":"https:\/\/cavalor.com\/de\/wp-json\/wp\/v2\/product\/131074\/revisions"}],"wp:featuredmedia":[{"embeddable":true,"href":"https:\/\/cavalor.com\/de\/wp-json\/wp\/v2\/media\/18528"}],"wp:attachment":[{"href":"https:\/\/cavalor.com\/de\/wp-json\/wp\/v2\/media?parent=131074"}],"wp:term":[{"taxonomy":"product_brand","embeddable":true,"href":"https:\/\/cavalor.com\/de\/wp-json\/wp\/v2\/product_brand?post=131074"},{"taxonomy":"product_cat","embeddable":true,"href":"https:\/\/cavalor.com\/de\/wp-json\/wp\/v2\/product_cat?post=131074"},{"taxonomy":"product_tag","embeddable":true,"href":"https:\/\/cavalor.com\/de\/wp-json\/wp\/v2\/product_tag?post=131074"},{"taxonomy":"doelgroep","embeddable":true,"href":"https:\/\/cavalor.com\/de\/wp-json\/wp\/v2\/doelgroep?post=131074"},{"taxonomy":"_hot_topics_race","embeddable":true,"href":"https:\/\/cavalor.com\/de\/wp-json\/wp\/v2\/_hot_topics_race?post=131074"},{"taxonomy":"search-archive","embeddable":true,"href":"https:\/\/cavalor.com\/de\/wp-json\/wp\/v2\/search-archive?post=131074"},{"taxonomy":"bezorgdheden","embeddable":true,"href":"https:\/\/cavalor.com\/de\/wp-json\/wp\/v2\/bezorgdheden?post=131074"},{"taxonomy":"nieuw","embeddable":true,"href":"https:\/\/cavalor.com\/de\/wp-json\/wp\/v2\/nieuw?post=131074"},{"taxonomy":"focus","embeddable":true,"href":"https:\/\/cavalor.com\/de\/wp-json\/wp\/v2\/focus?post=131074"},{"taxonomy":"life-phase","embeddable":true,"href":"https:\/\/cavalor.com\/de\/wp-json\/wp\/v2\/life-phase?post=131074"},{"taxonomy":"range","embeddable":true,"href":"https:\/\/cavalor.com\/de\/wp-json\/wp\/v2\/range?post=131074"},{"taxonomy":"sales-location","embeddable":true,"href":"https:\/\/cavalor.com\/de\/wp-json\/wp\/v2\/sales-location?post=131074"},{"taxonomy":"product-category","embeddable":true,"href":"https:\/\/cavalor.com\/de\/wp-json\/wp\/v2\/product-category?post=131074"},{"taxonomy":"_hot_topics","embeddable":true,"href":"https:\/\/cavalor.com\/de\/wp-json\/wp\/v2\/_hot_topics?post=131074"}],"curies":[{"name":"wp","href":"https:\/\/api.w.org\/{rel}","templated":true}]}}