{"id":131127,"date":"2017-07-17T12:29:44","date_gmt":"2017-07-17T10:29:44","guid":{"rendered":"https:\/\/cavalor.comour-products\/muscle-motion\/"},"modified":"2024-06-12T11:48:15","modified_gmt":"2024-06-12T09:48:15","slug":"muscle-motion","status":"publish","type":"product","link":"https:\/\/cavalor.com\/de\/ergaenzungsmittel-pferd\/muskeln\/muscle-motion\/","title":{"rendered":"Muscle Motion"},"content":{"rendered":"","protected":false},"excerpt":{"rendered":"<p>Erg\u00e4nzungsfuttermittel zur Unterst\u00fctzung geschmeidiger und gesunder Muskeln<\/p>\n","protected":false},"featured_media":22722,"comment_status":"open","ping_status":"closed","template":"","meta":{"_improvement_type_select":"improve_an_existing","_thumb_yes_seoaic":false,"_frame_yes_seoaic":false,"seoaic_generate_description":"","seoaic_improve_instructions_prompt":"","seoaic_rollback_content_improvement":"","seoaic_idea_thumbnail_generator":"","thumbnail_generated":false,"thumbnail_generate_prompt":"","seoaic_article_description":"","footnotes":""},"product_brand":[],"product_cat":[1255,1394],"product_tag":[],"doelgroep":[1211],"_hot_topics_race":[],"search-archive":[500],"bezorgdheden":[],"nieuw":[],"focus":[380],"life-phase":[393],"range":[],"sales-location":[212],"product-category":[],"_hot_topics":[436],"class_list":{"0":"post-131127","1":"product","2":"type-product","3":"status-publish","4":"has-post-thumbnail","6":"product_cat-ergaenzungsmittel-pferd","7":"product_cat-muskeln","8":"focus-muskeln","9":"_hot_topics-fuetterung","11":"first","12":"instock","13":"product-type-simple"},"yoast_head":"<!-- This site is optimized with the Yoast SEO Premium plugin v27.4 (Yoast SEO v27.4) - https:\/\/yoast.com\/product\/yoast-seo-premium-wordpress\/ -->\n<title>Muscle Motion | H\u00e4lt Muskeln geschmeidig und gesund | Cavalor<\/title>\n<meta name=\"description\" content=\"Cavalor Muscle Motion. Erg\u00e4nzungsfuttermittel zur Unterst\u00fctzung geschmeidiger und gesunder Muskeln. Verhindert \u00dcbers\u00e4uerung. Lesen Sie mehr.\" \/>\n<meta name=\"robots\" content=\"index, follow, max-snippet:-1, max-image-preview:large, max-video-preview:-1\" \/>\n<link rel=\"canonical\" href=\"https:\/\/cavalor.com\/de\/ergaenzungsmittel-pferd\/muskeln\/muscle-motion\/\" \/>\n<meta property=\"og:locale\" content=\"de_DE\" \/>\n<meta property=\"og:type\" content=\"article\" \/>\n<meta property=\"og:title\" content=\"Muscle Motion\" \/>\n<meta property=\"og:description\" content=\"Cavalor Muscle Motion. Erg\u00e4nzungsfuttermittel zur Unterst\u00fctzung geschmeidiger und gesunder Muskeln. Verhindert \u00dcbers\u00e4uerung. Lesen Sie mehr.\" \/>\n<meta property=\"og:url\" content=\"https:\/\/cavalor.com\/de\/ergaenzungsmittel-pferd\/muskeln\/muscle-motion\/\" \/>\n<meta property=\"og:site_name\" content=\"Cavalor\" \/>\n<meta property=\"article:publisher\" content=\"https:\/\/www.facebook.com\/yourcavalor\" \/>\n<meta property=\"article:modified_time\" content=\"2024-06-12T09:48:15+00:00\" \/>\n<meta property=\"og:image\" content=\"https:\/\/cavalor.com\/wp-content\/uploads\/2021\/10\/Muscle-Motion.jpg\" \/>\n\t<meta property=\"og:image:width\" content=\"720\" \/>\n\t<meta property=\"og:image:height\" content=\"550\" \/>\n\t<meta property=\"og:image:type\" content=\"image\/jpeg\" \/>\n<meta name=\"twitter:card\" content=\"summary_large_image\" \/>\n<meta name=\"twitter:site\" content=\"@cavalor\" \/>\n<meta name=\"twitter:label1\" content=\"Gesch\u00e4tzte Lesezeit\" \/>\n\t<meta name=\"twitter:data1\" content=\"1 Minute\" \/>\n<script type=\"application\/ld+json\" class=\"yoast-schema-graph\">{\"@context\":\"https:\\\/\\\/schema.org\",\"@graph\":[{\"@type\":\"WebPage\",\"@id\":\"https:\\\/\\\/cavalor.com\\\/de\\\/ergaenzungsmittel-pferd\\\/muskeln\\\/muscle-motion\\\/\",\"url\":\"https:\\\/\\\/cavalor.com\\\/de\\\/ergaenzungsmittel-pferd\\\/muskeln\\\/muscle-motion\\\/\",\"name\":\"Muscle Motion | H\u00e4lt Muskeln geschmeidig und gesund | Cavalor\",\"isPartOf\":{\"@id\":\"https:\\\/\\\/cavalor.com\\\/de\\\/#website\"},\"primaryImageOfPage\":{\"@id\":\"https:\\\/\\\/cavalor.com\\\/de\\\/ergaenzungsmittel-pferd\\\/muskeln\\\/muscle-motion\\\/#primaryimage\"},\"image\":{\"@id\":\"https:\\\/\\\/cavalor.com\\\/de\\\/ergaenzungsmittel-pferd\\\/muskeln\\\/muscle-motion\\\/#primaryimage\"},\"thumbnailUrl\":\"https:\\\/\\\/cavalor.com\\\/wp-content\\\/uploads\\\/2021\\\/10\\\/Muscle-Motion.jpg\",\"datePublished\":\"2017-07-17T10:29:44+00:00\",\"dateModified\":\"2024-06-12T09:48:15+00:00\",\"description\":\"Cavalor Muscle Motion. Erg\u00e4nzungsfuttermittel zur Unterst\u00fctzung geschmeidiger und gesunder Muskeln. Verhindert \u00dcbers\u00e4uerung. Lesen Sie mehr.\",\"breadcrumb\":{\"@id\":\"https:\\\/\\\/cavalor.com\\\/de\\\/ergaenzungsmittel-pferd\\\/muskeln\\\/muscle-motion\\\/#breadcrumb\"},\"inLanguage\":\"de-DE\",\"potentialAction\":[{\"@type\":\"ReadAction\",\"target\":[\"https:\\\/\\\/cavalor.com\\\/de\\\/ergaenzungsmittel-pferd\\\/muskeln\\\/muscle-motion\\\/\"]}]},{\"@type\":\"ImageObject\",\"inLanguage\":\"de-DE\",\"@id\":\"https:\\\/\\\/cavalor.com\\\/de\\\/ergaenzungsmittel-pferd\\\/muskeln\\\/muscle-motion\\\/#primaryimage\",\"url\":\"https:\\\/\\\/cavalor.com\\\/wp-content\\\/uploads\\\/2021\\\/10\\\/Muscle-Motion.jpg\",\"contentUrl\":\"https:\\\/\\\/cavalor.com\\\/wp-content\\\/uploads\\\/2021\\\/10\\\/Muscle-Motion.jpg\",\"width\":720,\"height\":550},{\"@type\":\"BreadcrumbList\",\"@id\":\"https:\\\/\\\/cavalor.com\\\/de\\\/ergaenzungsmittel-pferd\\\/muskeln\\\/muscle-motion\\\/#breadcrumb\",\"itemListElement\":[{\"@type\":\"ListItem\",\"position\":1,\"name\":\"Home\",\"item\":\"https:\\\/\\\/cavalor.com\\\/de\\\/\"},{\"@type\":\"ListItem\",\"position\":2,\"name\":\"Shop\",\"item\":\"https:\\\/\\\/cavalor.com\\\/en-us\\\/shop-2\\\/\"},{\"@type\":\"ListItem\",\"position\":3,\"name\":\"Muscle Motion\"}]},{\"@type\":\"WebSite\",\"@id\":\"https:\\\/\\\/cavalor.com\\\/de\\\/#website\",\"url\":\"https:\\\/\\\/cavalor.com\\\/de\\\/\",\"name\":\"Cavalor\",\"description\":\"Nutrition for horses\",\"publisher\":{\"@id\":\"https:\\\/\\\/cavalor.com\\\/de\\\/#organization\"},\"potentialAction\":[{\"@type\":\"SearchAction\",\"target\":{\"@type\":\"EntryPoint\",\"urlTemplate\":\"https:\\\/\\\/cavalor.com\\\/de\\\/?s={search_term_string}\"},\"query-input\":{\"@type\":\"PropertyValueSpecification\",\"valueRequired\":true,\"valueName\":\"search_term_string\"}}],\"inLanguage\":\"de-DE\"},{\"@type\":\"Organization\",\"@id\":\"https:\\\/\\\/cavalor.com\\\/de\\\/#organization\",\"name\":\"Cavalor\",\"url\":\"https:\\\/\\\/cavalor.com\\\/de\\\/\",\"logo\":{\"@type\":\"ImageObject\",\"inLanguage\":\"de-DE\",\"@id\":\"https:\\\/\\\/cavalor.com\\\/de\\\/#\\\/schema\\\/logo\\\/image\\\/\",\"url\":\"https:\\\/\\\/cavalor.com\\\/wp-content\\\/uploads\\\/2025\\\/03\\\/cavalor-logo.png\",\"contentUrl\":\"https:\\\/\\\/cavalor.com\\\/wp-content\\\/uploads\\\/2025\\\/03\\\/cavalor-logo.png\",\"width\":696,\"height\":696,\"caption\":\"Cavalor\"},\"image\":{\"@id\":\"https:\\\/\\\/cavalor.com\\\/de\\\/#\\\/schema\\\/logo\\\/image\\\/\"},\"sameAs\":[\"https:\\\/\\\/www.facebook.com\\\/yourcavalor\",\"https:\\\/\\\/x.com\\\/cavalor\",\"https:\\\/\\\/nl.linkedin.com\\\/company\\\/cavalor\",\"https:\\\/\\\/www.youtube.com\\\/user\\\/CavalorVideo\"],\"description\":\"From the first steps in the world of equestrian sport to the ultimate partnership of horse and rider: we are here to accompany you on your journey. We assist you in making the right feed decisions to bring out the best in you and your horse. Not as a quick fix, but with a view to the horizon. We\u2019re committed to good health inside and out. Our products are created to meet the needs of your horse in any sport, any phase of life, and any specific requirements. Ambition is what drives us and makes us grow. All of us. At Cavalor, we challenge ourselves to gain more knowledge and improve continuously. That\u2019s how we develop our products; every product is borne of a rational and unique view on equine feeding and care \u2013 supported by scientific research and driven by the desire for the health of the horse and the meeting of its needs.\",\"email\":\"info@cavalor.com\",\"telephone\":\"+32 (0)9 220 25 25\"}]}<\/script>\n<!-- \/ Yoast SEO Premium plugin. -->","yoast_head_json":{"title":"Muscle Motion | H\u00e4lt Muskeln geschmeidig und gesund | Cavalor","description":"Cavalor Muscle Motion. Erg\u00e4nzungsfuttermittel zur Unterst\u00fctzung geschmeidiger und gesunder Muskeln. Verhindert \u00dcbers\u00e4uerung. Lesen Sie mehr.","robots":{"index":"index","follow":"follow","max-snippet":"max-snippet:-1","max-image-preview":"max-image-preview:large","max-video-preview":"max-video-preview:-1"},"canonical":"https:\/\/cavalor.com\/de\/ergaenzungsmittel-pferd\/muskeln\/muscle-motion\/","og_locale":"de_DE","og_type":"article","og_title":"Muscle Motion","og_description":"Cavalor Muscle Motion. Erg\u00e4nzungsfuttermittel zur Unterst\u00fctzung geschmeidiger und gesunder Muskeln. Verhindert \u00dcbers\u00e4uerung. Lesen Sie mehr.","og_url":"https:\/\/cavalor.com\/de\/ergaenzungsmittel-pferd\/muskeln\/muscle-motion\/","og_site_name":"Cavalor","article_publisher":"https:\/\/www.facebook.com\/yourcavalor","article_modified_time":"2024-06-12T09:48:15+00:00","og_image":[{"width":720,"height":550,"url":"https:\/\/cavalor.com\/wp-content\/uploads\/2021\/10\/Muscle-Motion.jpg","type":"image\/jpeg"}],"twitter_card":"summary_large_image","twitter_site":"@cavalor","twitter_misc":{"Gesch\u00e4tzte Lesezeit":"1 Minute"},"schema":{"@context":"https:\/\/schema.org","@graph":[{"@type":"WebPage","@id":"https:\/\/cavalor.com\/de\/ergaenzungsmittel-pferd\/muskeln\/muscle-motion\/","url":"https:\/\/cavalor.com\/de\/ergaenzungsmittel-pferd\/muskeln\/muscle-motion\/","name":"Muscle Motion | H\u00e4lt Muskeln geschmeidig und gesund | Cavalor","isPartOf":{"@id":"https:\/\/cavalor.com\/de\/#website"},"primaryImageOfPage":{"@id":"https:\/\/cavalor.com\/de\/ergaenzungsmittel-pferd\/muskeln\/muscle-motion\/#primaryimage"},"image":{"@id":"https:\/\/cavalor.com\/de\/ergaenzungsmittel-pferd\/muskeln\/muscle-motion\/#primaryimage"},"thumbnailUrl":"https:\/\/cavalor.com\/wp-content\/uploads\/2021\/10\/Muscle-Motion.jpg","datePublished":"2017-07-17T10:29:44+00:00","dateModified":"2024-06-12T09:48:15+00:00","description":"Cavalor Muscle Motion. Erg\u00e4nzungsfuttermittel zur Unterst\u00fctzung geschmeidiger und gesunder Muskeln. Verhindert \u00dcbers\u00e4uerung. Lesen Sie mehr.","breadcrumb":{"@id":"https:\/\/cavalor.com\/de\/ergaenzungsmittel-pferd\/muskeln\/muscle-motion\/#breadcrumb"},"inLanguage":"de-DE","potentialAction":[{"@type":"ReadAction","target":["https:\/\/cavalor.com\/de\/ergaenzungsmittel-pferd\/muskeln\/muscle-motion\/"]}]},{"@type":"ImageObject","inLanguage":"de-DE","@id":"https:\/\/cavalor.com\/de\/ergaenzungsmittel-pferd\/muskeln\/muscle-motion\/#primaryimage","url":"https:\/\/cavalor.com\/wp-content\/uploads\/2021\/10\/Muscle-Motion.jpg","contentUrl":"https:\/\/cavalor.com\/wp-content\/uploads\/2021\/10\/Muscle-Motion.jpg","width":720,"height":550},{"@type":"BreadcrumbList","@id":"https:\/\/cavalor.com\/de\/ergaenzungsmittel-pferd\/muskeln\/muscle-motion\/#breadcrumb","itemListElement":[{"@type":"ListItem","position":1,"name":"Home","item":"https:\/\/cavalor.com\/de\/"},{"@type":"ListItem","position":2,"name":"Shop","item":"https:\/\/cavalor.com\/en-us\/shop-2\/"},{"@type":"ListItem","position":3,"name":"Muscle Motion"}]},{"@type":"WebSite","@id":"https:\/\/cavalor.com\/de\/#website","url":"https:\/\/cavalor.com\/de\/","name":"Cavalor","description":"Nutrition for horses","publisher":{"@id":"https:\/\/cavalor.com\/de\/#organization"},"potentialAction":[{"@type":"SearchAction","target":{"@type":"EntryPoint","urlTemplate":"https:\/\/cavalor.com\/de\/?s={search_term_string}"},"query-input":{"@type":"PropertyValueSpecification","valueRequired":true,"valueName":"search_term_string"}}],"inLanguage":"de-DE"},{"@type":"Organization","@id":"https:\/\/cavalor.com\/de\/#organization","name":"Cavalor","url":"https:\/\/cavalor.com\/de\/","logo":{"@type":"ImageObject","inLanguage":"de-DE","@id":"https:\/\/cavalor.com\/de\/#\/schema\/logo\/image\/","url":"https:\/\/cavalor.com\/wp-content\/uploads\/2025\/03\/cavalor-logo.png","contentUrl":"https:\/\/cavalor.com\/wp-content\/uploads\/2025\/03\/cavalor-logo.png","width":696,"height":696,"caption":"Cavalor"},"image":{"@id":"https:\/\/cavalor.com\/de\/#\/schema\/logo\/image\/"},"sameAs":["https:\/\/www.facebook.com\/yourcavalor","https:\/\/x.com\/cavalor","https:\/\/nl.linkedin.com\/company\/cavalor","https:\/\/www.youtube.com\/user\/CavalorVideo"],"description":"From the first steps in the world of equestrian sport to the ultimate partnership of horse and rider: we are here to accompany you on your journey. We assist you in making the right feed decisions to bring out the best in you and your horse. Not as a quick fix, but with a view to the horizon. We\u2019re committed to good health inside and out. Our products are created to meet the needs of your horse in any sport, any phase of life, and any specific requirements. Ambition is what drives us and makes us grow. All of us. At Cavalor, we challenge ourselves to gain more knowledge and improve continuously. That\u2019s how we develop our products; every product is borne of a rational and unique view on equine feeding and care \u2013 supported by scientific research and driven by the desire for the health of the horse and the meeting of its needs.","email":"info@cavalor.com","telephone":"+32 (0)9 220 25 25"}]}},"_links":{"self":[{"href":"https:\/\/cavalor.com\/de\/wp-json\/wp\/v2\/product\/131127","targetHints":{"allow":["GET"]}}],"collection":[{"href":"https:\/\/cavalor.com\/de\/wp-json\/wp\/v2\/product"}],"about":[{"href":"https:\/\/cavalor.com\/de\/wp-json\/wp\/v2\/types\/product"}],"replies":[{"embeddable":true,"href":"https:\/\/cavalor.com\/de\/wp-json\/wp\/v2\/comments?post=131127"}],"version-history":[{"count":0,"href":"https:\/\/cavalor.com\/de\/wp-json\/wp\/v2\/product\/131127\/revisions"}],"wp:featuredmedia":[{"embeddable":true,"href":"https:\/\/cavalor.com\/de\/wp-json\/wp\/v2\/media\/22722"}],"wp:attachment":[{"href":"https:\/\/cavalor.com\/de\/wp-json\/wp\/v2\/media?parent=131127"}],"wp:term":[{"taxonomy":"product_brand","embeddable":true,"href":"https:\/\/cavalor.com\/de\/wp-json\/wp\/v2\/product_brand?post=131127"},{"taxonomy":"product_cat","embeddable":true,"href":"https:\/\/cavalor.com\/de\/wp-json\/wp\/v2\/product_cat?post=131127"},{"taxonomy":"product_tag","embeddable":true,"href":"https:\/\/cavalor.com\/de\/wp-json\/wp\/v2\/product_tag?post=131127"},{"taxonomy":"doelgroep","embeddable":true,"href":"https:\/\/cavalor.com\/de\/wp-json\/wp\/v2\/doelgroep?post=131127"},{"taxonomy":"_hot_topics_race","embeddable":true,"href":"https:\/\/cavalor.com\/de\/wp-json\/wp\/v2\/_hot_topics_race?post=131127"},{"taxonomy":"search-archive","embeddable":true,"href":"https:\/\/cavalor.com\/de\/wp-json\/wp\/v2\/search-archive?post=131127"},{"taxonomy":"bezorgdheden","embeddable":true,"href":"https:\/\/cavalor.com\/de\/wp-json\/wp\/v2\/bezorgdheden?post=131127"},{"taxonomy":"nieuw","embeddable":true,"href":"https:\/\/cavalor.com\/de\/wp-json\/wp\/v2\/nieuw?post=131127"},{"taxonomy":"focus","embeddable":true,"href":"https:\/\/cavalor.com\/de\/wp-json\/wp\/v2\/focus?post=131127"},{"taxonomy":"life-phase","embeddable":true,"href":"https:\/\/cavalor.com\/de\/wp-json\/wp\/v2\/life-phase?post=131127"},{"taxonomy":"range","embeddable":true,"href":"https:\/\/cavalor.com\/de\/wp-json\/wp\/v2\/range?post=131127"},{"taxonomy":"sales-location","embeddable":true,"href":"https:\/\/cavalor.com\/de\/wp-json\/wp\/v2\/sales-location?post=131127"},{"taxonomy":"product-category","embeddable":true,"href":"https:\/\/cavalor.com\/de\/wp-json\/wp\/v2\/product-category?post=131127"},{"taxonomy":"_hot_topics","embeddable":true,"href":"https:\/\/cavalor.com\/de\/wp-json\/wp\/v2\/_hot_topics?post=131127"}],"curies":[{"name":"wp","href":"https:\/\/api.w.org\/{rel}","templated":true}]}}