{"id":131400,"date":"2013-06-06T09:34:59","date_gmt":"2013-06-06T07:34:59","guid":{"rendered":"https:\/\/cavalor.comour-products\/muscle-cooler\/"},"modified":"2026-03-19T08:57:34","modified_gmt":"2026-03-19T07:57:34","slug":"muscle-cooler","status":"publish","type":"product","link":"https:\/\/cavalor.com\/fr\/soins-chevaux\/refroidissement\/muscle-cooler\/","title":{"rendered":"Muscle Cooler"},"content":{"rendered":"","protected":false},"excerpt":{"rendered":"<p>Gel rafra\u00eechissant pour les muscles et les tendons afin de faciliter<br \/>\nla r\u00e9cup\u00e9ration apr\u00e8s l\u2019effort<\/p>\n","protected":false},"featured_media":17750,"comment_status":"open","ping_status":"closed","template":"","meta":{"_improvement_type_select":"improve_an_existing","_thumb_yes_seoaic":false,"_frame_yes_seoaic":false,"seoaic_generate_description":"","seoaic_improve_instructions_prompt":"","seoaic_rollback_content_improvement":"","seoaic_idea_thumbnail_generator":"","thumbnail_generated":false,"thumbnail_generate_prompt":"","seoaic_article_description":"","footnotes":""},"product_brand":[],"product_cat":[1251,1426],"product_tag":[],"doelgroep":[1209],"_hot_topics_race":[],"search-archive":[499],"bezorgdheden":[],"nieuw":[],"focus":[355,379],"life-phase":[388,392],"range":[],"sales-location":[211],"product-category":[425],"_hot_topics":[445,449],"class_list":{"0":"post-131400","1":"product","2":"type-product","3":"status-publish","4":"has-post-thumbnail","6":"product_cat-soins-chevaux","7":"product_cat-refroidissement","8":"focus-electrolytes-fr","9":"focus-muscles-fr","10":"_hot_topics-soins","11":"_hot_topics-ete","13":"first","14":"instock","15":"product-type-simple"},"yoast_head":"<!-- This site is optimized with the Yoast SEO Premium plugin v27.4 (Yoast SEO v27.4) - https:\/\/yoast.com\/product\/yoast-seo-premium-wordpress\/ -->\n<title>Muscle Cooler | Cavalor<\/title>\n<meta name=\"description\" content=\"Gel rafra\u00eechissant pour les muscles et les tendons afin de faciliterla r\u00e9cup\u00e9ration apr\u00e8s l\u2019effort\" \/>\n<meta name=\"robots\" content=\"index, follow, max-snippet:-1, max-image-preview:large, max-video-preview:-1\" \/>\n<link rel=\"canonical\" href=\"https:\/\/cavalor.com\/fr\/soins-chevaux\/refroidissement\/muscle-cooler\/\" \/>\n<meta property=\"og:locale\" content=\"fr_FR\" \/>\n<meta property=\"og:type\" content=\"article\" \/>\n<meta property=\"og:title\" content=\"Muscle Cooler\" \/>\n<meta property=\"og:description\" content=\"Gel rafra\u00eechissant pour les muscles et les tendons afin de faciliterla r\u00e9cup\u00e9ration apr\u00e8s l\u2019effort\" \/>\n<meta property=\"og:url\" content=\"https:\/\/cavalor.com\/fr\/soins-chevaux\/refroidissement\/muscle-cooler\/\" \/>\n<meta property=\"og:site_name\" content=\"Cavalor\" \/>\n<meta property=\"article:publisher\" content=\"https:\/\/www.facebook.com\/yourcavalor\" \/>\n<meta property=\"article:modified_time\" content=\"2026-03-19T07:57:34+00:00\" \/>\n<meta property=\"og:image\" content=\"https:\/\/cavalor.com\/wp-content\/uploads\/2024\/02\/2-1.jpg\" \/>\n\t<meta property=\"og:image:width\" content=\"1080\" \/>\n\t<meta property=\"og:image:height\" content=\"1080\" \/>\n\t<meta property=\"og:image:type\" content=\"image\/jpeg\" \/>\n<meta name=\"twitter:card\" content=\"summary_large_image\" \/>\n<meta name=\"twitter:site\" content=\"@cavalor\" \/>\n<meta name=\"twitter:label1\" content=\"Dur\u00e9e de lecture estim\u00e9e\" \/>\n\t<meta name=\"twitter:data1\" content=\"1 minute\" \/>\n<script type=\"application\/ld+json\" class=\"yoast-schema-graph\">{\"@context\":\"https:\\\/\\\/schema.org\",\"@graph\":[{\"@type\":\"WebPage\",\"@id\":\"https:\\\/\\\/cavalor.com\\\/fr\\\/soins-chevaux\\\/refroidissement\\\/muscle-cooler\\\/\",\"url\":\"https:\\\/\\\/cavalor.com\\\/fr\\\/soins-chevaux\\\/refroidissement\\\/muscle-cooler\\\/\",\"name\":\"Muscle Cooler | Cavalor\",\"isPartOf\":{\"@id\":\"https:\\\/\\\/cavalor.com\\\/fr\\\/#website\"},\"primaryImageOfPage\":{\"@id\":\"https:\\\/\\\/cavalor.com\\\/fr\\\/soins-chevaux\\\/refroidissement\\\/muscle-cooler\\\/#primaryimage\"},\"image\":{\"@id\":\"https:\\\/\\\/cavalor.com\\\/fr\\\/soins-chevaux\\\/refroidissement\\\/muscle-cooler\\\/#primaryimage\"},\"thumbnailUrl\":\"https:\\\/\\\/cavalor.com\\\/wp-content\\\/uploads\\\/2021\\\/09\\\/Muscle-Cooler_EU.jpg\",\"datePublished\":\"2013-06-06T07:34:59+00:00\",\"dateModified\":\"2026-03-19T07:57:34+00:00\",\"description\":\"Gel rafra\u00eechissant pour les muscles et les tendons afin de faciliterla r\u00e9cup\u00e9ration apr\u00e8s l\u2019effort\",\"breadcrumb\":{\"@id\":\"https:\\\/\\\/cavalor.com\\\/fr\\\/soins-chevaux\\\/refroidissement\\\/muscle-cooler\\\/#breadcrumb\"},\"inLanguage\":\"fr-FR\",\"potentialAction\":[{\"@type\":\"ReadAction\",\"target\":[\"https:\\\/\\\/cavalor.com\\\/fr\\\/soins-chevaux\\\/refroidissement\\\/muscle-cooler\\\/\"]}]},{\"@type\":\"ImageObject\",\"inLanguage\":\"fr-FR\",\"@id\":\"https:\\\/\\\/cavalor.com\\\/fr\\\/soins-chevaux\\\/refroidissement\\\/muscle-cooler\\\/#primaryimage\",\"url\":\"https:\\\/\\\/cavalor.com\\\/wp-content\\\/uploads\\\/2021\\\/09\\\/Muscle-Cooler_EU.jpg\",\"contentUrl\":\"https:\\\/\\\/cavalor.com\\\/wp-content\\\/uploads\\\/2021\\\/09\\\/Muscle-Cooler_EU.jpg\",\"width\":720,\"height\":480},{\"@type\":\"BreadcrumbList\",\"@id\":\"https:\\\/\\\/cavalor.com\\\/fr\\\/soins-chevaux\\\/refroidissement\\\/muscle-cooler\\\/#breadcrumb\",\"itemListElement\":[{\"@type\":\"ListItem\",\"position\":1,\"name\":\"Home\",\"item\":\"https:\\\/\\\/cavalor.com\\\/fr\\\/\"},{\"@type\":\"ListItem\",\"position\":2,\"name\":\"Shop\",\"item\":\"https:\\\/\\\/cavalor.com\\\/en-us\\\/shop-2\\\/\"},{\"@type\":\"ListItem\",\"position\":3,\"name\":\"Muscle Cooler\"}]},{\"@type\":\"WebSite\",\"@id\":\"https:\\\/\\\/cavalor.com\\\/fr\\\/#website\",\"url\":\"https:\\\/\\\/cavalor.com\\\/fr\\\/\",\"name\":\"Cavalor\",\"description\":\"Nutrition for horses\",\"publisher\":{\"@id\":\"https:\\\/\\\/cavalor.com\\\/fr\\\/#organization\"},\"potentialAction\":[{\"@type\":\"SearchAction\",\"target\":{\"@type\":\"EntryPoint\",\"urlTemplate\":\"https:\\\/\\\/cavalor.com\\\/fr\\\/?s={search_term_string}\"},\"query-input\":{\"@type\":\"PropertyValueSpecification\",\"valueRequired\":true,\"valueName\":\"search_term_string\"}}],\"inLanguage\":\"fr-FR\"},{\"@type\":\"Organization\",\"@id\":\"https:\\\/\\\/cavalor.com\\\/fr\\\/#organization\",\"name\":\"Cavalor\",\"url\":\"https:\\\/\\\/cavalor.com\\\/fr\\\/\",\"logo\":{\"@type\":\"ImageObject\",\"inLanguage\":\"fr-FR\",\"@id\":\"https:\\\/\\\/cavalor.com\\\/fr\\\/#\\\/schema\\\/logo\\\/image\\\/\",\"url\":\"https:\\\/\\\/cavalor.com\\\/wp-content\\\/uploads\\\/2025\\\/03\\\/cavalor-logo.png\",\"contentUrl\":\"https:\\\/\\\/cavalor.com\\\/wp-content\\\/uploads\\\/2025\\\/03\\\/cavalor-logo.png\",\"width\":696,\"height\":696,\"caption\":\"Cavalor\"},\"image\":{\"@id\":\"https:\\\/\\\/cavalor.com\\\/fr\\\/#\\\/schema\\\/logo\\\/image\\\/\"},\"sameAs\":[\"https:\\\/\\\/www.facebook.com\\\/yourcavalor\",\"https:\\\/\\\/x.com\\\/cavalor\",\"https:\\\/\\\/nl.linkedin.com\\\/company\\\/cavalor\",\"https:\\\/\\\/www.youtube.com\\\/user\\\/CavalorVideo\"],\"description\":\"From the first steps in the world of equestrian sport to the ultimate partnership of horse and rider: we are here to accompany you on your journey. We assist you in making the right feed decisions to bring out the best in you and your horse. Not as a quick fix, but with a view to the horizon. We\u2019re committed to good health inside and out. Our products are created to meet the needs of your horse in any sport, any phase of life, and any specific requirements. Ambition is what drives us and makes us grow. All of us. At Cavalor, we challenge ourselves to gain more knowledge and improve continuously. That\u2019s how we develop our products; every product is borne of a rational and unique view on equine feeding and care \u2013 supported by scientific research and driven by the desire for the health of the horse and the meeting of its needs.\",\"email\":\"info@cavalor.com\",\"telephone\":\"+32 (0)9 220 25 25\"}]}<\/script>\n<!-- \/ Yoast SEO Premium plugin. -->","yoast_head_json":{"title":"Muscle Cooler | Cavalor","description":"Gel rafra\u00eechissant pour les muscles et les tendons afin de faciliterla r\u00e9cup\u00e9ration apr\u00e8s l\u2019effort","robots":{"index":"index","follow":"follow","max-snippet":"max-snippet:-1","max-image-preview":"max-image-preview:large","max-video-preview":"max-video-preview:-1"},"canonical":"https:\/\/cavalor.com\/fr\/soins-chevaux\/refroidissement\/muscle-cooler\/","og_locale":"fr_FR","og_type":"article","og_title":"Muscle Cooler","og_description":"Gel rafra\u00eechissant pour les muscles et les tendons afin de faciliterla r\u00e9cup\u00e9ration apr\u00e8s l\u2019effort","og_url":"https:\/\/cavalor.com\/fr\/soins-chevaux\/refroidissement\/muscle-cooler\/","og_site_name":"Cavalor","article_publisher":"https:\/\/www.facebook.com\/yourcavalor","article_modified_time":"2026-03-19T07:57:34+00:00","og_image":[{"width":1080,"height":1080,"url":"https:\/\/cavalor.com\/wp-content\/uploads\/2024\/02\/2-1.jpg","type":"image\/jpeg"}],"twitter_card":"summary_large_image","twitter_site":"@cavalor","twitter_misc":{"Dur\u00e9e de lecture estim\u00e9e":"1 minute"},"schema":{"@context":"https:\/\/schema.org","@graph":[{"@type":"WebPage","@id":"https:\/\/cavalor.com\/fr\/soins-chevaux\/refroidissement\/muscle-cooler\/","url":"https:\/\/cavalor.com\/fr\/soins-chevaux\/refroidissement\/muscle-cooler\/","name":"Muscle Cooler | Cavalor","isPartOf":{"@id":"https:\/\/cavalor.com\/fr\/#website"},"primaryImageOfPage":{"@id":"https:\/\/cavalor.com\/fr\/soins-chevaux\/refroidissement\/muscle-cooler\/#primaryimage"},"image":{"@id":"https:\/\/cavalor.com\/fr\/soins-chevaux\/refroidissement\/muscle-cooler\/#primaryimage"},"thumbnailUrl":"https:\/\/cavalor.com\/wp-content\/uploads\/2021\/09\/Muscle-Cooler_EU.jpg","datePublished":"2013-06-06T07:34:59+00:00","dateModified":"2026-03-19T07:57:34+00:00","description":"Gel rafra\u00eechissant pour les muscles et les tendons afin de faciliterla r\u00e9cup\u00e9ration apr\u00e8s l\u2019effort","breadcrumb":{"@id":"https:\/\/cavalor.com\/fr\/soins-chevaux\/refroidissement\/muscle-cooler\/#breadcrumb"},"inLanguage":"fr-FR","potentialAction":[{"@type":"ReadAction","target":["https:\/\/cavalor.com\/fr\/soins-chevaux\/refroidissement\/muscle-cooler\/"]}]},{"@type":"ImageObject","inLanguage":"fr-FR","@id":"https:\/\/cavalor.com\/fr\/soins-chevaux\/refroidissement\/muscle-cooler\/#primaryimage","url":"https:\/\/cavalor.com\/wp-content\/uploads\/2021\/09\/Muscle-Cooler_EU.jpg","contentUrl":"https:\/\/cavalor.com\/wp-content\/uploads\/2021\/09\/Muscle-Cooler_EU.jpg","width":720,"height":480},{"@type":"BreadcrumbList","@id":"https:\/\/cavalor.com\/fr\/soins-chevaux\/refroidissement\/muscle-cooler\/#breadcrumb","itemListElement":[{"@type":"ListItem","position":1,"name":"Home","item":"https:\/\/cavalor.com\/fr\/"},{"@type":"ListItem","position":2,"name":"Shop","item":"https:\/\/cavalor.com\/en-us\/shop-2\/"},{"@type":"ListItem","position":3,"name":"Muscle Cooler"}]},{"@type":"WebSite","@id":"https:\/\/cavalor.com\/fr\/#website","url":"https:\/\/cavalor.com\/fr\/","name":"Cavalor","description":"Nutrition for horses","publisher":{"@id":"https:\/\/cavalor.com\/fr\/#organization"},"potentialAction":[{"@type":"SearchAction","target":{"@type":"EntryPoint","urlTemplate":"https:\/\/cavalor.com\/fr\/?s={search_term_string}"},"query-input":{"@type":"PropertyValueSpecification","valueRequired":true,"valueName":"search_term_string"}}],"inLanguage":"fr-FR"},{"@type":"Organization","@id":"https:\/\/cavalor.com\/fr\/#organization","name":"Cavalor","url":"https:\/\/cavalor.com\/fr\/","logo":{"@type":"ImageObject","inLanguage":"fr-FR","@id":"https:\/\/cavalor.com\/fr\/#\/schema\/logo\/image\/","url":"https:\/\/cavalor.com\/wp-content\/uploads\/2025\/03\/cavalor-logo.png","contentUrl":"https:\/\/cavalor.com\/wp-content\/uploads\/2025\/03\/cavalor-logo.png","width":696,"height":696,"caption":"Cavalor"},"image":{"@id":"https:\/\/cavalor.com\/fr\/#\/schema\/logo\/image\/"},"sameAs":["https:\/\/www.facebook.com\/yourcavalor","https:\/\/x.com\/cavalor","https:\/\/nl.linkedin.com\/company\/cavalor","https:\/\/www.youtube.com\/user\/CavalorVideo"],"description":"From the first steps in the world of equestrian sport to the ultimate partnership of horse and rider: we are here to accompany you on your journey. We assist you in making the right feed decisions to bring out the best in you and your horse. Not as a quick fix, but with a view to the horizon. We\u2019re committed to good health inside and out. Our products are created to meet the needs of your horse in any sport, any phase of life, and any specific requirements. Ambition is what drives us and makes us grow. All of us. At Cavalor, we challenge ourselves to gain more knowledge and improve continuously. That\u2019s how we develop our products; every product is borne of a rational and unique view on equine feeding and care \u2013 supported by scientific research and driven by the desire for the health of the horse and the meeting of its needs.","email":"info@cavalor.com","telephone":"+32 (0)9 220 25 25"}]}},"_links":{"self":[{"href":"https:\/\/cavalor.com\/fr\/wp-json\/wp\/v2\/product\/131400","targetHints":{"allow":["GET"]}}],"collection":[{"href":"https:\/\/cavalor.com\/fr\/wp-json\/wp\/v2\/product"}],"about":[{"href":"https:\/\/cavalor.com\/fr\/wp-json\/wp\/v2\/types\/product"}],"replies":[{"embeddable":true,"href":"https:\/\/cavalor.com\/fr\/wp-json\/wp\/v2\/comments?post=131400"}],"version-history":[{"count":1,"href":"https:\/\/cavalor.com\/fr\/wp-json\/wp\/v2\/product\/131400\/revisions"}],"predecessor-version":[{"id":164487,"href":"https:\/\/cavalor.com\/fr\/wp-json\/wp\/v2\/product\/131400\/revisions\/164487"}],"wp:featuredmedia":[{"embeddable":true,"href":"https:\/\/cavalor.com\/fr\/wp-json\/wp\/v2\/media\/17750"}],"wp:attachment":[{"href":"https:\/\/cavalor.com\/fr\/wp-json\/wp\/v2\/media?parent=131400"}],"wp:term":[{"taxonomy":"product_brand","embeddable":true,"href":"https:\/\/cavalor.com\/fr\/wp-json\/wp\/v2\/product_brand?post=131400"},{"taxonomy":"product_cat","embeddable":true,"href":"https:\/\/cavalor.com\/fr\/wp-json\/wp\/v2\/product_cat?post=131400"},{"taxonomy":"product_tag","embeddable":true,"href":"https:\/\/cavalor.com\/fr\/wp-json\/wp\/v2\/product_tag?post=131400"},{"taxonomy":"doelgroep","embeddable":true,"href":"https:\/\/cavalor.com\/fr\/wp-json\/wp\/v2\/doelgroep?post=131400"},{"taxonomy":"_hot_topics_race","embeddable":true,"href":"https:\/\/cavalor.com\/fr\/wp-json\/wp\/v2\/_hot_topics_race?post=131400"},{"taxonomy":"search-archive","embeddable":true,"href":"https:\/\/cavalor.com\/fr\/wp-json\/wp\/v2\/search-archive?post=131400"},{"taxonomy":"bezorgdheden","embeddable":true,"href":"https:\/\/cavalor.com\/fr\/wp-json\/wp\/v2\/bezorgdheden?post=131400"},{"taxonomy":"nieuw","embeddable":true,"href":"https:\/\/cavalor.com\/fr\/wp-json\/wp\/v2\/nieuw?post=131400"},{"taxonomy":"focus","embeddable":true,"href":"https:\/\/cavalor.com\/fr\/wp-json\/wp\/v2\/focus?post=131400"},{"taxonomy":"life-phase","embeddable":true,"href":"https:\/\/cavalor.com\/fr\/wp-json\/wp\/v2\/life-phase?post=131400"},{"taxonomy":"range","embeddable":true,"href":"https:\/\/cavalor.com\/fr\/wp-json\/wp\/v2\/range?post=131400"},{"taxonomy":"sales-location","embeddable":true,"href":"https:\/\/cavalor.com\/fr\/wp-json\/wp\/v2\/sales-location?post=131400"},{"taxonomy":"product-category","embeddable":true,"href":"https:\/\/cavalor.com\/fr\/wp-json\/wp\/v2\/product-category?post=131400"},{"taxonomy":"_hot_topics","embeddable":true,"href":"https:\/\/cavalor.com\/fr\/wp-json\/wp\/v2\/_hot_topics?post=131400"}],"curies":[{"name":"wp","href":"https:\/\/api.w.org\/{rel}","templated":true}]}}