{"id":131415,"date":"2015-09-25T09:46:16","date_gmt":"2015-09-25T07:46:16","guid":{"rendered":"https:\/\/cavalor.comour-products\/an-energy-boost\/"},"modified":"2024-10-29T15:20:49","modified_gmt":"2024-10-29T14:20:49","slug":"an-energy-boost","status":"publish","type":"product","link":"https:\/\/cavalor.com\/fr\/supplements-chevaux\/energie-endurance\/an-energy-boost\/","title":{"rendered":"An Energy Boost"},"content":{"rendered":"","protected":false},"excerpt":{"rendered":"<p>Une p\u00e2te pour un coup de pouce d\u2019\u00e9nergie directe et une r\u00e9cup\u00e9ration rapide apr\u00e8s l\u2019effort<\/p>\n","protected":false},"featured_media":2803,"comment_status":"open","ping_status":"closed","template":"","meta":{"_improvement_type_select":"improve_an_existing","_thumb_yes_seoaic":false,"_frame_yes_seoaic":false,"seoaic_generate_description":"","seoaic_improve_instructions_prompt":"","seoaic_rollback_content_improvement":"","seoaic_idea_thumbnail_generator":"","thumbnail_generated":false,"thumbnail_generate_prompt":"","seoaic_article_description":"","footnotes":""},"product_brand":[],"product_cat":[1250,1390],"product_tag":[],"doelgroep":[1209],"_hot_topics_race":[],"search-archive":[499],"bezorgdheden":[268],"nieuw":[],"focus":[349],"life-phase":[392],"range":[],"sales-location":[211],"product-category":[],"_hot_topics":[433],"class_list":{"0":"post-131415","1":"product","2":"type-product","3":"status-publish","4":"has-post-thumbnail","6":"product_cat-supplements-chevaux","7":"product_cat-energie-endurance","8":"focus-condition-et-performance","9":"_hot_topics-energetique","11":"first","12":"instock","13":"product-type-simple"},"yoast_head":"<!-- This site is optimized with the Yoast SEO Premium plugin v27.4 (Yoast SEO v27.4) - https:\/\/yoast.com\/product\/yoast-seo-premium-wordpress\/ -->\n<title>An Energy Boost | Cavalor<\/title>\n<meta name=\"description\" content=\"Une p\u00e2te pour un coup de pouce d\u2019\u00e9nergie directe et une r\u00e9cup\u00e9ration rapide apr\u00e8s l\u2019effort\" \/>\n<meta name=\"robots\" content=\"index, follow, max-snippet:-1, max-image-preview:large, max-video-preview:-1\" \/>\n<link rel=\"canonical\" href=\"https:\/\/cavalor.com\/fr\/supplements-chevaux\/energie-endurance\/an-energy-boost\/\" \/>\n<meta property=\"og:locale\" content=\"fr_FR\" \/>\n<meta property=\"og:type\" content=\"article\" \/>\n<meta property=\"og:title\" content=\"An Energy Boost\" \/>\n<meta property=\"og:description\" content=\"Une p\u00e2te pour un coup de pouce d\u2019\u00e9nergie directe et une r\u00e9cup\u00e9ration rapide apr\u00e8s l\u2019effort\" \/>\n<meta property=\"og:url\" content=\"https:\/\/cavalor.com\/fr\/supplements-chevaux\/energie-endurance\/an-energy-boost\/\" \/>\n<meta property=\"og:site_name\" content=\"Cavalor\" \/>\n<meta property=\"article:publisher\" content=\"https:\/\/www.facebook.com\/yourcavalor\" \/>\n<meta property=\"article:modified_time\" content=\"2024-10-29T14:20:49+00:00\" \/>\n<meta property=\"og:image\" content=\"https:\/\/cavalor.com\/wp-content\/uploads\/2021\/09\/An-Energy-Boost-sfeer.jpg\" \/>\n\t<meta property=\"og:image:width\" content=\"720\" \/>\n\t<meta property=\"og:image:height\" content=\"550\" \/>\n\t<meta property=\"og:image:type\" content=\"image\/jpeg\" \/>\n<meta name=\"twitter:card\" content=\"summary_large_image\" \/>\n<meta name=\"twitter:site\" content=\"@cavalor\" \/>\n<meta name=\"twitter:label1\" content=\"Dur\u00e9e de lecture estim\u00e9e\" \/>\n\t<meta name=\"twitter:data1\" content=\"1 minute\" \/>\n<script type=\"application\/ld+json\" class=\"yoast-schema-graph\">{\"@context\":\"https:\\\/\\\/schema.org\",\"@graph\":[{\"@type\":\"WebPage\",\"@id\":\"https:\\\/\\\/cavalor.com\\\/fr\\\/supplements-chevaux\\\/energie-endurance\\\/an-energy-boost\\\/\",\"url\":\"https:\\\/\\\/cavalor.com\\\/fr\\\/supplements-chevaux\\\/energie-endurance\\\/an-energy-boost\\\/\",\"name\":\"An Energy Boost | Cavalor\",\"isPartOf\":{\"@id\":\"https:\\\/\\\/cavalor.com\\\/fr\\\/#website\"},\"primaryImageOfPage\":{\"@id\":\"https:\\\/\\\/cavalor.com\\\/fr\\\/supplements-chevaux\\\/energie-endurance\\\/an-energy-boost\\\/#primaryimage\"},\"image\":{\"@id\":\"https:\\\/\\\/cavalor.com\\\/fr\\\/supplements-chevaux\\\/energie-endurance\\\/an-energy-boost\\\/#primaryimage\"},\"thumbnailUrl\":\"https:\\\/\\\/cavalor.com\\\/wp-content\\\/uploads\\\/2021\\\/09\\\/An-Energy-Boost-sfeer.jpg\",\"datePublished\":\"2015-09-25T07:46:16+00:00\",\"dateModified\":\"2024-10-29T14:20:49+00:00\",\"description\":\"Une p\u00e2te pour un coup de pouce d\u2019\u00e9nergie directe et une r\u00e9cup\u00e9ration rapide apr\u00e8s l\u2019effort\",\"breadcrumb\":{\"@id\":\"https:\\\/\\\/cavalor.com\\\/fr\\\/supplements-chevaux\\\/energie-endurance\\\/an-energy-boost\\\/#breadcrumb\"},\"inLanguage\":\"fr-FR\",\"potentialAction\":[{\"@type\":\"ReadAction\",\"target\":[\"https:\\\/\\\/cavalor.com\\\/fr\\\/supplements-chevaux\\\/energie-endurance\\\/an-energy-boost\\\/\"]}]},{\"@type\":\"ImageObject\",\"inLanguage\":\"fr-FR\",\"@id\":\"https:\\\/\\\/cavalor.com\\\/fr\\\/supplements-chevaux\\\/energie-endurance\\\/an-energy-boost\\\/#primaryimage\",\"url\":\"https:\\\/\\\/cavalor.com\\\/wp-content\\\/uploads\\\/2021\\\/09\\\/An-Energy-Boost-sfeer.jpg\",\"contentUrl\":\"https:\\\/\\\/cavalor.com\\\/wp-content\\\/uploads\\\/2021\\\/09\\\/An-Energy-Boost-sfeer.jpg\",\"width\":720,\"height\":550},{\"@type\":\"BreadcrumbList\",\"@id\":\"https:\\\/\\\/cavalor.com\\\/fr\\\/supplements-chevaux\\\/energie-endurance\\\/an-energy-boost\\\/#breadcrumb\",\"itemListElement\":[{\"@type\":\"ListItem\",\"position\":1,\"name\":\"Home\",\"item\":\"https:\\\/\\\/cavalor.com\\\/fr\\\/\"},{\"@type\":\"ListItem\",\"position\":2,\"name\":\"Shop\",\"item\":\"https:\\\/\\\/cavalor.com\\\/en-us\\\/shop-2\\\/\"},{\"@type\":\"ListItem\",\"position\":3,\"name\":\"An Energy Boost\"}]},{\"@type\":\"WebSite\",\"@id\":\"https:\\\/\\\/cavalor.com\\\/fr\\\/#website\",\"url\":\"https:\\\/\\\/cavalor.com\\\/fr\\\/\",\"name\":\"Cavalor\",\"description\":\"Nutrition for horses\",\"publisher\":{\"@id\":\"https:\\\/\\\/cavalor.com\\\/fr\\\/#organization\"},\"potentialAction\":[{\"@type\":\"SearchAction\",\"target\":{\"@type\":\"EntryPoint\",\"urlTemplate\":\"https:\\\/\\\/cavalor.com\\\/fr\\\/?s={search_term_string}\"},\"query-input\":{\"@type\":\"PropertyValueSpecification\",\"valueRequired\":true,\"valueName\":\"search_term_string\"}}],\"inLanguage\":\"fr-FR\"},{\"@type\":\"Organization\",\"@id\":\"https:\\\/\\\/cavalor.com\\\/fr\\\/#organization\",\"name\":\"Cavalor\",\"url\":\"https:\\\/\\\/cavalor.com\\\/fr\\\/\",\"logo\":{\"@type\":\"ImageObject\",\"inLanguage\":\"fr-FR\",\"@id\":\"https:\\\/\\\/cavalor.com\\\/fr\\\/#\\\/schema\\\/logo\\\/image\\\/\",\"url\":\"https:\\\/\\\/cavalor.com\\\/wp-content\\\/uploads\\\/2025\\\/03\\\/cavalor-logo.png\",\"contentUrl\":\"https:\\\/\\\/cavalor.com\\\/wp-content\\\/uploads\\\/2025\\\/03\\\/cavalor-logo.png\",\"width\":696,\"height\":696,\"caption\":\"Cavalor\"},\"image\":{\"@id\":\"https:\\\/\\\/cavalor.com\\\/fr\\\/#\\\/schema\\\/logo\\\/image\\\/\"},\"sameAs\":[\"https:\\\/\\\/www.facebook.com\\\/yourcavalor\",\"https:\\\/\\\/x.com\\\/cavalor\",\"https:\\\/\\\/nl.linkedin.com\\\/company\\\/cavalor\",\"https:\\\/\\\/www.youtube.com\\\/user\\\/CavalorVideo\"],\"description\":\"From the first steps in the world of equestrian sport to the ultimate partnership of horse and rider: we are here to accompany you on your journey. We assist you in making the right feed decisions to bring out the best in you and your horse. Not as a quick fix, but with a view to the horizon. We\u2019re committed to good health inside and out. Our products are created to meet the needs of your horse in any sport, any phase of life, and any specific requirements. Ambition is what drives us and makes us grow. All of us. At Cavalor, we challenge ourselves to gain more knowledge and improve continuously. That\u2019s how we develop our products; every product is borne of a rational and unique view on equine feeding and care \u2013 supported by scientific research and driven by the desire for the health of the horse and the meeting of its needs.\",\"email\":\"info@cavalor.com\",\"telephone\":\"+32 (0)9 220 25 25\"}]}<\/script>\n<!-- \/ Yoast SEO Premium plugin. -->","yoast_head_json":{"title":"An Energy Boost | Cavalor","description":"Une p\u00e2te pour un coup de pouce d\u2019\u00e9nergie directe et une r\u00e9cup\u00e9ration rapide apr\u00e8s l\u2019effort","robots":{"index":"index","follow":"follow","max-snippet":"max-snippet:-1","max-image-preview":"max-image-preview:large","max-video-preview":"max-video-preview:-1"},"canonical":"https:\/\/cavalor.com\/fr\/supplements-chevaux\/energie-endurance\/an-energy-boost\/","og_locale":"fr_FR","og_type":"article","og_title":"An Energy Boost","og_description":"Une p\u00e2te pour un coup de pouce d\u2019\u00e9nergie directe et une r\u00e9cup\u00e9ration rapide apr\u00e8s l\u2019effort","og_url":"https:\/\/cavalor.com\/fr\/supplements-chevaux\/energie-endurance\/an-energy-boost\/","og_site_name":"Cavalor","article_publisher":"https:\/\/www.facebook.com\/yourcavalor","article_modified_time":"2024-10-29T14:20:49+00:00","og_image":[{"width":720,"height":550,"url":"https:\/\/cavalor.com\/wp-content\/uploads\/2021\/09\/An-Energy-Boost-sfeer.jpg","type":"image\/jpeg"}],"twitter_card":"summary_large_image","twitter_site":"@cavalor","twitter_misc":{"Dur\u00e9e de lecture estim\u00e9e":"1 minute"},"schema":{"@context":"https:\/\/schema.org","@graph":[{"@type":"WebPage","@id":"https:\/\/cavalor.com\/fr\/supplements-chevaux\/energie-endurance\/an-energy-boost\/","url":"https:\/\/cavalor.com\/fr\/supplements-chevaux\/energie-endurance\/an-energy-boost\/","name":"An Energy Boost | Cavalor","isPartOf":{"@id":"https:\/\/cavalor.com\/fr\/#website"},"primaryImageOfPage":{"@id":"https:\/\/cavalor.com\/fr\/supplements-chevaux\/energie-endurance\/an-energy-boost\/#primaryimage"},"image":{"@id":"https:\/\/cavalor.com\/fr\/supplements-chevaux\/energie-endurance\/an-energy-boost\/#primaryimage"},"thumbnailUrl":"https:\/\/cavalor.com\/wp-content\/uploads\/2021\/09\/An-Energy-Boost-sfeer.jpg","datePublished":"2015-09-25T07:46:16+00:00","dateModified":"2024-10-29T14:20:49+00:00","description":"Une p\u00e2te pour un coup de pouce d\u2019\u00e9nergie directe et une r\u00e9cup\u00e9ration rapide apr\u00e8s l\u2019effort","breadcrumb":{"@id":"https:\/\/cavalor.com\/fr\/supplements-chevaux\/energie-endurance\/an-energy-boost\/#breadcrumb"},"inLanguage":"fr-FR","potentialAction":[{"@type":"ReadAction","target":["https:\/\/cavalor.com\/fr\/supplements-chevaux\/energie-endurance\/an-energy-boost\/"]}]},{"@type":"ImageObject","inLanguage":"fr-FR","@id":"https:\/\/cavalor.com\/fr\/supplements-chevaux\/energie-endurance\/an-energy-boost\/#primaryimage","url":"https:\/\/cavalor.com\/wp-content\/uploads\/2021\/09\/An-Energy-Boost-sfeer.jpg","contentUrl":"https:\/\/cavalor.com\/wp-content\/uploads\/2021\/09\/An-Energy-Boost-sfeer.jpg","width":720,"height":550},{"@type":"BreadcrumbList","@id":"https:\/\/cavalor.com\/fr\/supplements-chevaux\/energie-endurance\/an-energy-boost\/#breadcrumb","itemListElement":[{"@type":"ListItem","position":1,"name":"Home","item":"https:\/\/cavalor.com\/fr\/"},{"@type":"ListItem","position":2,"name":"Shop","item":"https:\/\/cavalor.com\/en-us\/shop-2\/"},{"@type":"ListItem","position":3,"name":"An Energy Boost"}]},{"@type":"WebSite","@id":"https:\/\/cavalor.com\/fr\/#website","url":"https:\/\/cavalor.com\/fr\/","name":"Cavalor","description":"Nutrition for horses","publisher":{"@id":"https:\/\/cavalor.com\/fr\/#organization"},"potentialAction":[{"@type":"SearchAction","target":{"@type":"EntryPoint","urlTemplate":"https:\/\/cavalor.com\/fr\/?s={search_term_string}"},"query-input":{"@type":"PropertyValueSpecification","valueRequired":true,"valueName":"search_term_string"}}],"inLanguage":"fr-FR"},{"@type":"Organization","@id":"https:\/\/cavalor.com\/fr\/#organization","name":"Cavalor","url":"https:\/\/cavalor.com\/fr\/","logo":{"@type":"ImageObject","inLanguage":"fr-FR","@id":"https:\/\/cavalor.com\/fr\/#\/schema\/logo\/image\/","url":"https:\/\/cavalor.com\/wp-content\/uploads\/2025\/03\/cavalor-logo.png","contentUrl":"https:\/\/cavalor.com\/wp-content\/uploads\/2025\/03\/cavalor-logo.png","width":696,"height":696,"caption":"Cavalor"},"image":{"@id":"https:\/\/cavalor.com\/fr\/#\/schema\/logo\/image\/"},"sameAs":["https:\/\/www.facebook.com\/yourcavalor","https:\/\/x.com\/cavalor","https:\/\/nl.linkedin.com\/company\/cavalor","https:\/\/www.youtube.com\/user\/CavalorVideo"],"description":"From the first steps in the world of equestrian sport to the ultimate partnership of horse and rider: we are here to accompany you on your journey. We assist you in making the right feed decisions to bring out the best in you and your horse. Not as a quick fix, but with a view to the horizon. We\u2019re committed to good health inside and out. Our products are created to meet the needs of your horse in any sport, any phase of life, and any specific requirements. Ambition is what drives us and makes us grow. All of us. At Cavalor, we challenge ourselves to gain more knowledge and improve continuously. That\u2019s how we develop our products; every product is borne of a rational and unique view on equine feeding and care \u2013 supported by scientific research and driven by the desire for the health of the horse and the meeting of its needs.","email":"info@cavalor.com","telephone":"+32 (0)9 220 25 25"}]}},"_links":{"self":[{"href":"https:\/\/cavalor.com\/fr\/wp-json\/wp\/v2\/product\/131415","targetHints":{"allow":["GET"]}}],"collection":[{"href":"https:\/\/cavalor.com\/fr\/wp-json\/wp\/v2\/product"}],"about":[{"href":"https:\/\/cavalor.com\/fr\/wp-json\/wp\/v2\/types\/product"}],"replies":[{"embeddable":true,"href":"https:\/\/cavalor.com\/fr\/wp-json\/wp\/v2\/comments?post=131415"}],"version-history":[{"count":0,"href":"https:\/\/cavalor.com\/fr\/wp-json\/wp\/v2\/product\/131415\/revisions"}],"wp:featuredmedia":[{"embeddable":true,"href":"https:\/\/cavalor.com\/fr\/wp-json\/wp\/v2\/media\/2803"}],"wp:attachment":[{"href":"https:\/\/cavalor.com\/fr\/wp-json\/wp\/v2\/media?parent=131415"}],"wp:term":[{"taxonomy":"product_brand","embeddable":true,"href":"https:\/\/cavalor.com\/fr\/wp-json\/wp\/v2\/product_brand?post=131415"},{"taxonomy":"product_cat","embeddable":true,"href":"https:\/\/cavalor.com\/fr\/wp-json\/wp\/v2\/product_cat?post=131415"},{"taxonomy":"product_tag","embeddable":true,"href":"https:\/\/cavalor.com\/fr\/wp-json\/wp\/v2\/product_tag?post=131415"},{"taxonomy":"doelgroep","embeddable":true,"href":"https:\/\/cavalor.com\/fr\/wp-json\/wp\/v2\/doelgroep?post=131415"},{"taxonomy":"_hot_topics_race","embeddable":true,"href":"https:\/\/cavalor.com\/fr\/wp-json\/wp\/v2\/_hot_topics_race?post=131415"},{"taxonomy":"search-archive","embeddable":true,"href":"https:\/\/cavalor.com\/fr\/wp-json\/wp\/v2\/search-archive?post=131415"},{"taxonomy":"bezorgdheden","embeddable":true,"href":"https:\/\/cavalor.com\/fr\/wp-json\/wp\/v2\/bezorgdheden?post=131415"},{"taxonomy":"nieuw","embeddable":true,"href":"https:\/\/cavalor.com\/fr\/wp-json\/wp\/v2\/nieuw?post=131415"},{"taxonomy":"focus","embeddable":true,"href":"https:\/\/cavalor.com\/fr\/wp-json\/wp\/v2\/focus?post=131415"},{"taxonomy":"life-phase","embeddable":true,"href":"https:\/\/cavalor.com\/fr\/wp-json\/wp\/v2\/life-phase?post=131415"},{"taxonomy":"range","embeddable":true,"href":"https:\/\/cavalor.com\/fr\/wp-json\/wp\/v2\/range?post=131415"},{"taxonomy":"sales-location","embeddable":true,"href":"https:\/\/cavalor.com\/fr\/wp-json\/wp\/v2\/sales-location?post=131415"},{"taxonomy":"product-category","embeddable":true,"href":"https:\/\/cavalor.com\/fr\/wp-json\/wp\/v2\/product-category?post=131415"},{"taxonomy":"_hot_topics","embeddable":true,"href":"https:\/\/cavalor.com\/fr\/wp-json\/wp\/v2\/_hot_topics?post=131415"}],"curies":[{"name":"wp","href":"https:\/\/api.w.org\/{rel}","templated":true}]}}