{"id":141761,"date":"2024-08-12T15:32:05","date_gmt":"2024-08-12T13:32:05","guid":{"rendered":"https:\/\/cavalor.com\/?post_type=product&#038;p=141761"},"modified":"2025-08-27T12:16:15","modified_gmt":"2025-08-27T10:16:15","slug":"voor-een-optimale-recuperatie-na-inspanning","status":"publish","type":"product","link":"https:\/\/cavalor.com\/nl\/samples\/voor-een-optimale-recuperatie-na-inspanning\/","title":{"rendered":"Voor een optimale recuperatie na inspanning"},"content":{"rendered":"<p>Het is essentieel dat paarden na het zweten goed afkoelen om stijve spieren en blijvende schade te voorkomen. Feel cool, feel great met Cavalor CoolSens en FreeBute Gel!<\/p>\n<p>Cavalor CoolSens is een geconcentreerde liniment met een mix van essenti\u00eble oli\u00ebn die het lichaam, de spieren en benen van je paard verfrist, koelt en wast. Perfect voor een wellnessmoment na een intensieve inspanning of op een warme zomerdag. Geniet van de quality-time samen terwijl je paard snel herstelt en opdroogt met een prachtige glans als resultaat.<\/p>\n<p>Cavalor FreeBute Gel is een uitwendige gel vol natuurlijke ingredi\u00ebnten. Met 8 essenti\u00eble oli\u00ebn, waaronder eucalyptus, lavendel en tea tree, biedt het verlichting bij overbelaste, gevoelige of pijnlijke spieren en gewrichten. Deze gel werkt ontspannend, koelend en ontstekingsremmend, en is een onmisbare EHBO-oplossing voor je paard!<\/p>\n","protected":false},"excerpt":{"rendered":"<p>Het is essentieel dat paarden na het zweten goed afkoelen om stijve spieren en blijvende schade te voorkomen. Feel cool, feel great met Cavalor CoolSens en FreeBute Gel! Cavalor CoolSens is een geconcentreerde liniment met een mix van essenti\u00eble oli\u00ebn die het lichaam, de spieren en benen van je paard verfrist, koelt en wast. Perfect [&hellip;]<\/p>\n","protected":false},"featured_media":142965,"comment_status":"closed","ping_status":"closed","template":"","meta":{"_improvement_type_select":"improve_an_existing","_thumb_yes_seoaic":false,"_frame_yes_seoaic":false,"seoaic_generate_description":"","seoaic_improve_instructions_prompt":"","seoaic_rollback_content_improvement":"","seoaic_idea_thumbnail_generator":"","thumbnail_generated":false,"thumbnail_generate_prompt":"","seoaic_article_description":"","footnotes":""},"product_brand":[],"product_cat":[1708],"product_tag":[1710],"doelgroep":[],"_hot_topics_race":[],"search-archive":[],"bezorgdheden":[],"nieuw":[],"focus":[],"life-phase":[],"range":[],"sales-location":[],"product-category":[],"_hot_topics":[],"class_list":{"0":"post-141761","1":"product","2":"type-product","3":"status-publish","4":"has-post-thumbnail","6":"product_cat-samples","7":"product_tag-sampleshop","9":"first","10":"instock","11":"taxable","12":"shipping-taxable","13":"purchasable","14":"product-type-variable","15":"has-default-attributes"},"yoast_head":"<!-- This site is optimized with the Yoast SEO Premium plugin v27.4 (Yoast SEO v27.4) - https:\/\/yoast.com\/product\/yoast-seo-premium-wordpress\/ -->\n<title>Voor een optimale recuperatie na inspanning | Cavalor<\/title>\n<meta name=\"robots\" content=\"index, follow, max-snippet:-1, max-image-preview:large, max-video-preview:-1\" \/>\n<link rel=\"canonical\" href=\"https:\/\/cavalor.com\/nl\/samples\/voor-een-optimale-recuperatie-na-inspanning\/\" \/>\n<meta property=\"og:locale\" content=\"nl_NL\" \/>\n<meta property=\"og:type\" content=\"article\" \/>\n<meta property=\"og:title\" content=\"Voor een optimale recuperatie na inspanning\" \/>\n<meta property=\"og:description\" content=\"Het is essentieel dat paarden na het zweten goed afkoelen om stijve spieren en blijvende schade te voorkomen. Feel cool, feel great met Cavalor CoolSens en FreeBute Gel! Cavalor CoolSens is een geconcentreerde liniment met een mix van essenti\u00eble oli\u00ebn die het lichaam, de spieren en benen van je paard verfrist, koelt en wast. Perfect [&hellip;]\" \/>\n<meta property=\"og:url\" content=\"https:\/\/cavalor.com\/nl\/samples\/voor-een-optimale-recuperatie-na-inspanning\/\" \/>\n<meta property=\"og:site_name\" content=\"Cavalor\" \/>\n<meta property=\"article:publisher\" content=\"https:\/\/www.facebook.com\/yourcavalor\" \/>\n<meta property=\"article:modified_time\" content=\"2025-08-27T10:16:15+00:00\" \/>\n<meta property=\"og:image\" content=\"https:\/\/cavalor.com\/wp-content\/uploads\/2024\/08\/cavalor-pakketten_4.webp\" \/>\n\t<meta property=\"og:image:width\" content=\"1440\" \/>\n\t<meta property=\"og:image:height\" content=\"1080\" \/>\n\t<meta property=\"og:image:type\" content=\"image\/webp\" \/>\n<meta name=\"twitter:card\" content=\"summary_large_image\" \/>\n<meta name=\"twitter:site\" content=\"@cavalor\" \/>\n<meta name=\"twitter:label1\" content=\"Geschatte leestijd\" \/>\n\t<meta name=\"twitter:data1\" content=\"1 minuut\" \/>\n<script type=\"application\/ld+json\" class=\"yoast-schema-graph\">{\"@context\":\"https:\\\/\\\/schema.org\",\"@graph\":[{\"@type\":\"WebPage\",\"@id\":\"https:\\\/\\\/cavalor.com\\\/nl\\\/samples\\\/voor-een-optimale-recuperatie-na-inspanning\\\/\",\"url\":\"https:\\\/\\\/cavalor.com\\\/nl\\\/samples\\\/voor-een-optimale-recuperatie-na-inspanning\\\/\",\"name\":\"Voor een optimale recuperatie na inspanning | Cavalor\",\"isPartOf\":{\"@id\":\"https:\\\/\\\/cavalor.com\\\/nl\\\/#website\"},\"primaryImageOfPage\":{\"@id\":\"https:\\\/\\\/cavalor.com\\\/nl\\\/samples\\\/voor-een-optimale-recuperatie-na-inspanning\\\/#primaryimage\"},\"image\":{\"@id\":\"https:\\\/\\\/cavalor.com\\\/nl\\\/samples\\\/voor-een-optimale-recuperatie-na-inspanning\\\/#primaryimage\"},\"thumbnailUrl\":\"https:\\\/\\\/cavalor.com\\\/wp-content\\\/uploads\\\/2024\\\/08\\\/cavalor-pakketten_4.webp\",\"datePublished\":\"2024-08-12T13:32:05+00:00\",\"dateModified\":\"2025-08-27T10:16:15+00:00\",\"breadcrumb\":{\"@id\":\"https:\\\/\\\/cavalor.com\\\/nl\\\/samples\\\/voor-een-optimale-recuperatie-na-inspanning\\\/#breadcrumb\"},\"inLanguage\":\"nl-NL\",\"potentialAction\":[{\"@type\":\"ReadAction\",\"target\":[\"https:\\\/\\\/cavalor.com\\\/nl\\\/samples\\\/voor-een-optimale-recuperatie-na-inspanning\\\/\"]}]},{\"@type\":\"ImageObject\",\"inLanguage\":\"nl-NL\",\"@id\":\"https:\\\/\\\/cavalor.com\\\/nl\\\/samples\\\/voor-een-optimale-recuperatie-na-inspanning\\\/#primaryimage\",\"url\":\"https:\\\/\\\/cavalor.com\\\/wp-content\\\/uploads\\\/2024\\\/08\\\/cavalor-pakketten_4.webp\",\"contentUrl\":\"https:\\\/\\\/cavalor.com\\\/wp-content\\\/uploads\\\/2024\\\/08\\\/cavalor-pakketten_4.webp\",\"width\":1440,\"height\":1080,\"caption\":\"Cavalor Pakket Recuperatie na inspanning\"},{\"@type\":\"BreadcrumbList\",\"@id\":\"https:\\\/\\\/cavalor.com\\\/nl\\\/samples\\\/voor-een-optimale-recuperatie-na-inspanning\\\/#breadcrumb\",\"itemListElement\":[{\"@type\":\"ListItem\",\"position\":1,\"name\":\"Home\",\"item\":\"https:\\\/\\\/cavalor.com\\\/nl\\\/\"},{\"@type\":\"ListItem\",\"position\":2,\"name\":\"Shop\",\"item\":\"https:\\\/\\\/cavalor.com\\\/en-us\\\/shop-2\\\/\"},{\"@type\":\"ListItem\",\"position\":3,\"name\":\"Voor een optimale recuperatie na inspanning\"}]},{\"@type\":\"WebSite\",\"@id\":\"https:\\\/\\\/cavalor.com\\\/nl\\\/#website\",\"url\":\"https:\\\/\\\/cavalor.com\\\/nl\\\/\",\"name\":\"Cavalor\",\"description\":\"Nutrition for horses\",\"publisher\":{\"@id\":\"https:\\\/\\\/cavalor.com\\\/nl\\\/#organization\"},\"potentialAction\":[{\"@type\":\"SearchAction\",\"target\":{\"@type\":\"EntryPoint\",\"urlTemplate\":\"https:\\\/\\\/cavalor.com\\\/nl\\\/?s={search_term_string}\"},\"query-input\":{\"@type\":\"PropertyValueSpecification\",\"valueRequired\":true,\"valueName\":\"search_term_string\"}}],\"inLanguage\":\"nl-NL\"},{\"@type\":\"Organization\",\"@id\":\"https:\\\/\\\/cavalor.com\\\/nl\\\/#organization\",\"name\":\"Cavalor\",\"url\":\"https:\\\/\\\/cavalor.com\\\/nl\\\/\",\"logo\":{\"@type\":\"ImageObject\",\"inLanguage\":\"nl-NL\",\"@id\":\"https:\\\/\\\/cavalor.com\\\/nl\\\/#\\\/schema\\\/logo\\\/image\\\/\",\"url\":\"https:\\\/\\\/cavalor.com\\\/wp-content\\\/uploads\\\/2025\\\/03\\\/cavalor-logo.png\",\"contentUrl\":\"https:\\\/\\\/cavalor.com\\\/wp-content\\\/uploads\\\/2025\\\/03\\\/cavalor-logo.png\",\"width\":696,\"height\":696,\"caption\":\"Cavalor\"},\"image\":{\"@id\":\"https:\\\/\\\/cavalor.com\\\/nl\\\/#\\\/schema\\\/logo\\\/image\\\/\"},\"sameAs\":[\"https:\\\/\\\/www.facebook.com\\\/yourcavalor\",\"https:\\\/\\\/x.com\\\/cavalor\",\"https:\\\/\\\/nl.linkedin.com\\\/company\\\/cavalor\",\"https:\\\/\\\/www.youtube.com\\\/user\\\/CavalorVideo\"],\"description\":\"From the first steps in the world of equestrian sport to the ultimate partnership of horse and rider: we are here to accompany you on your journey. We assist you in making the right feed decisions to bring out the best in you and your horse. Not as a quick fix, but with a view to the horizon. We\u2019re committed to good health inside and out. Our products are created to meet the needs of your horse in any sport, any phase of life, and any specific requirements. Ambition is what drives us and makes us grow. All of us. At Cavalor, we challenge ourselves to gain more knowledge and improve continuously. That\u2019s how we develop our products; every product is borne of a rational and unique view on equine feeding and care \u2013 supported by scientific research and driven by the desire for the health of the horse and the meeting of its needs.\",\"email\":\"info@cavalor.com\",\"telephone\":\"+32 (0)9 220 25 25\"}]}<\/script>\n<!-- \/ Yoast SEO Premium plugin. -->","yoast_head_json":{"title":"Voor een optimale recuperatie na inspanning | Cavalor","robots":{"index":"index","follow":"follow","max-snippet":"max-snippet:-1","max-image-preview":"max-image-preview:large","max-video-preview":"max-video-preview:-1"},"canonical":"https:\/\/cavalor.com\/nl\/samples\/voor-een-optimale-recuperatie-na-inspanning\/","og_locale":"nl_NL","og_type":"article","og_title":"Voor een optimale recuperatie na inspanning","og_description":"Het is essentieel dat paarden na het zweten goed afkoelen om stijve spieren en blijvende schade te voorkomen. Feel cool, feel great met Cavalor CoolSens en FreeBute Gel! Cavalor CoolSens is een geconcentreerde liniment met een mix van essenti\u00eble oli\u00ebn die het lichaam, de spieren en benen van je paard verfrist, koelt en wast. Perfect [&hellip;]","og_url":"https:\/\/cavalor.com\/nl\/samples\/voor-een-optimale-recuperatie-na-inspanning\/","og_site_name":"Cavalor","article_publisher":"https:\/\/www.facebook.com\/yourcavalor","article_modified_time":"2025-08-27T10:16:15+00:00","og_image":[{"width":1440,"height":1080,"url":"https:\/\/cavalor.com\/wp-content\/uploads\/2024\/08\/cavalor-pakketten_4.webp","type":"image\/webp"}],"twitter_card":"summary_large_image","twitter_site":"@cavalor","twitter_misc":{"Geschatte leestijd":"1 minuut"},"schema":{"@context":"https:\/\/schema.org","@graph":[{"@type":"WebPage","@id":"https:\/\/cavalor.com\/nl\/samples\/voor-een-optimale-recuperatie-na-inspanning\/","url":"https:\/\/cavalor.com\/nl\/samples\/voor-een-optimale-recuperatie-na-inspanning\/","name":"Voor een optimale recuperatie na inspanning | Cavalor","isPartOf":{"@id":"https:\/\/cavalor.com\/nl\/#website"},"primaryImageOfPage":{"@id":"https:\/\/cavalor.com\/nl\/samples\/voor-een-optimale-recuperatie-na-inspanning\/#primaryimage"},"image":{"@id":"https:\/\/cavalor.com\/nl\/samples\/voor-een-optimale-recuperatie-na-inspanning\/#primaryimage"},"thumbnailUrl":"https:\/\/cavalor.com\/wp-content\/uploads\/2024\/08\/cavalor-pakketten_4.webp","datePublished":"2024-08-12T13:32:05+00:00","dateModified":"2025-08-27T10:16:15+00:00","breadcrumb":{"@id":"https:\/\/cavalor.com\/nl\/samples\/voor-een-optimale-recuperatie-na-inspanning\/#breadcrumb"},"inLanguage":"nl-NL","potentialAction":[{"@type":"ReadAction","target":["https:\/\/cavalor.com\/nl\/samples\/voor-een-optimale-recuperatie-na-inspanning\/"]}]},{"@type":"ImageObject","inLanguage":"nl-NL","@id":"https:\/\/cavalor.com\/nl\/samples\/voor-een-optimale-recuperatie-na-inspanning\/#primaryimage","url":"https:\/\/cavalor.com\/wp-content\/uploads\/2024\/08\/cavalor-pakketten_4.webp","contentUrl":"https:\/\/cavalor.com\/wp-content\/uploads\/2024\/08\/cavalor-pakketten_4.webp","width":1440,"height":1080,"caption":"Cavalor Pakket Recuperatie na inspanning"},{"@type":"BreadcrumbList","@id":"https:\/\/cavalor.com\/nl\/samples\/voor-een-optimale-recuperatie-na-inspanning\/#breadcrumb","itemListElement":[{"@type":"ListItem","position":1,"name":"Home","item":"https:\/\/cavalor.com\/nl\/"},{"@type":"ListItem","position":2,"name":"Shop","item":"https:\/\/cavalor.com\/en-us\/shop-2\/"},{"@type":"ListItem","position":3,"name":"Voor een optimale recuperatie na inspanning"}]},{"@type":"WebSite","@id":"https:\/\/cavalor.com\/nl\/#website","url":"https:\/\/cavalor.com\/nl\/","name":"Cavalor","description":"Nutrition for horses","publisher":{"@id":"https:\/\/cavalor.com\/nl\/#organization"},"potentialAction":[{"@type":"SearchAction","target":{"@type":"EntryPoint","urlTemplate":"https:\/\/cavalor.com\/nl\/?s={search_term_string}"},"query-input":{"@type":"PropertyValueSpecification","valueRequired":true,"valueName":"search_term_string"}}],"inLanguage":"nl-NL"},{"@type":"Organization","@id":"https:\/\/cavalor.com\/nl\/#organization","name":"Cavalor","url":"https:\/\/cavalor.com\/nl\/","logo":{"@type":"ImageObject","inLanguage":"nl-NL","@id":"https:\/\/cavalor.com\/nl\/#\/schema\/logo\/image\/","url":"https:\/\/cavalor.com\/wp-content\/uploads\/2025\/03\/cavalor-logo.png","contentUrl":"https:\/\/cavalor.com\/wp-content\/uploads\/2025\/03\/cavalor-logo.png","width":696,"height":696,"caption":"Cavalor"},"image":{"@id":"https:\/\/cavalor.com\/nl\/#\/schema\/logo\/image\/"},"sameAs":["https:\/\/www.facebook.com\/yourcavalor","https:\/\/x.com\/cavalor","https:\/\/nl.linkedin.com\/company\/cavalor","https:\/\/www.youtube.com\/user\/CavalorVideo"],"description":"From the first steps in the world of equestrian sport to the ultimate partnership of horse and rider: we are here to accompany you on your journey. We assist you in making the right feed decisions to bring out the best in you and your horse. Not as a quick fix, but with a view to the horizon. We\u2019re committed to good health inside and out. Our products are created to meet the needs of your horse in any sport, any phase of life, and any specific requirements. Ambition is what drives us and makes us grow. All of us. At Cavalor, we challenge ourselves to gain more knowledge and improve continuously. That\u2019s how we develop our products; every product is borne of a rational and unique view on equine feeding and care \u2013 supported by scientific research and driven by the desire for the health of the horse and the meeting of its needs.","email":"info@cavalor.com","telephone":"+32 (0)9 220 25 25"}]}},"_links":{"self":[{"href":"https:\/\/cavalor.com\/nl\/wp-json\/wp\/v2\/product\/141761","targetHints":{"allow":["GET"]}}],"collection":[{"href":"https:\/\/cavalor.com\/nl\/wp-json\/wp\/v2\/product"}],"about":[{"href":"https:\/\/cavalor.com\/nl\/wp-json\/wp\/v2\/types\/product"}],"replies":[{"embeddable":true,"href":"https:\/\/cavalor.com\/nl\/wp-json\/wp\/v2\/comments?post=141761"}],"version-history":[{"count":0,"href":"https:\/\/cavalor.com\/nl\/wp-json\/wp\/v2\/product\/141761\/revisions"}],"wp:featuredmedia":[{"embeddable":true,"href":"https:\/\/cavalor.com\/nl\/wp-json\/wp\/v2\/media\/142965"}],"wp:attachment":[{"href":"https:\/\/cavalor.com\/nl\/wp-json\/wp\/v2\/media?parent=141761"}],"wp:term":[{"taxonomy":"product_brand","embeddable":true,"href":"https:\/\/cavalor.com\/nl\/wp-json\/wp\/v2\/product_brand?post=141761"},{"taxonomy":"product_cat","embeddable":true,"href":"https:\/\/cavalor.com\/nl\/wp-json\/wp\/v2\/product_cat?post=141761"},{"taxonomy":"product_tag","embeddable":true,"href":"https:\/\/cavalor.com\/nl\/wp-json\/wp\/v2\/product_tag?post=141761"},{"taxonomy":"doelgroep","embeddable":true,"href":"https:\/\/cavalor.com\/nl\/wp-json\/wp\/v2\/doelgroep?post=141761"},{"taxonomy":"_hot_topics_race","embeddable":true,"href":"https:\/\/cavalor.com\/nl\/wp-json\/wp\/v2\/_hot_topics_race?post=141761"},{"taxonomy":"search-archive","embeddable":true,"href":"https:\/\/cavalor.com\/nl\/wp-json\/wp\/v2\/search-archive?post=141761"},{"taxonomy":"bezorgdheden","embeddable":true,"href":"https:\/\/cavalor.com\/nl\/wp-json\/wp\/v2\/bezorgdheden?post=141761"},{"taxonomy":"nieuw","embeddable":true,"href":"https:\/\/cavalor.com\/nl\/wp-json\/wp\/v2\/nieuw?post=141761"},{"taxonomy":"focus","embeddable":true,"href":"https:\/\/cavalor.com\/nl\/wp-json\/wp\/v2\/focus?post=141761"},{"taxonomy":"life-phase","embeddable":true,"href":"https:\/\/cavalor.com\/nl\/wp-json\/wp\/v2\/life-phase?post=141761"},{"taxonomy":"range","embeddable":true,"href":"https:\/\/cavalor.com\/nl\/wp-json\/wp\/v2\/range?post=141761"},{"taxonomy":"sales-location","embeddable":true,"href":"https:\/\/cavalor.com\/nl\/wp-json\/wp\/v2\/sales-location?post=141761"},{"taxonomy":"product-category","embeddable":true,"href":"https:\/\/cavalor.com\/nl\/wp-json\/wp\/v2\/product-category?post=141761"},{"taxonomy":"_hot_topics","embeddable":true,"href":"https:\/\/cavalor.com\/nl\/wp-json\/wp\/v2\/_hot_topics?post=141761"}],"curies":[{"name":"wp","href":"https:\/\/api.w.org\/{rel}","templated":true}]}}