{"id":131995,"date":"2023-12-04T12:33:33","date_gmt":"2023-12-04T11:33:33","guid":{"rendered":"https:\/\/cavalor.comour-products\/powred-performance-2\/"},"modified":"2025-04-29T15:27:07","modified_gmt":"2025-04-29T13:27:07","slug":"powred-performance-2","status":"publish","type":"product","link":"https:\/\/cavalor.com\/pl\/suplementy\/energia-i-kondycja\/powred-performance-2\/","title":{"rendered":"Pow&#8217;Red Performance"},"content":{"rendered":"","protected":false},"excerpt":{"rendered":"<p>Suplement zapewniaj\u0105cy dodatkow\u0105 energi\u0119 i wytrzyma\u0142o\u015b\u0107 podczas d\u0142ugotrwa\u0142ego wysi\u0142ku.<\/p>\n","protected":false},"featured_media":18776,"comment_status":"open","ping_status":"closed","template":"","meta":{"_improvement_type_select":"improve_an_existing","_thumb_yes_seoaic":false,"_frame_yes_seoaic":false,"seoaic_generate_description":"","seoaic_improve_instructions_prompt":"","seoaic_rollback_content_improvement":"","seoaic_idea_thumbnail_generator":"","thumbnail_generated":false,"thumbnail_generate_prompt":"","seoaic_article_description":"","footnotes":""},"product_brand":[],"product_cat":[1359,1445],"product_tag":[],"doelgroep":[1214],"_hot_topics_race":[],"search-archive":[1174],"bezorgdheden":[1282],"nieuw":[],"focus":[1267],"life-phase":[1182],"range":[],"sales-location":[1173],"product-category":[],"_hot_topics":[1361],"class_list":{"0":"post-131995","1":"product","2":"type-product","3":"status-publish","4":"has-post-thumbnail","6":"product_cat-suplementy","7":"product_cat-energia-i-kondycja","8":"focus-condition-performance-pl","9":"_hot_topics-energia","11":"first","12":"instock","13":"product-type-simple"},"yoast_head":"<!-- This site is optimized with the Yoast SEO Premium plugin v27.4 (Yoast SEO v27.4) - https:\/\/yoast.com\/product\/yoast-seo-premium-wordpress\/ -->\n<title>Pow&#039;Red Performance | Suplement dla maksymalnej witalno\u015bci | Cavalor<\/title>\n<meta name=\"description\" content=\"Cavalor Pow&#039;Red Performance to pyszny p\u0142ynny suplement diety zapewniaj\u0105cy maksymaln\u0105 witalno\u015b\u0107 i wytrzyma\u0142o\u015b\u0107. Wspomaga produkcj\u0119 czerwonych krwinek.\" \/>\n<meta name=\"robots\" content=\"index, follow, max-snippet:-1, max-image-preview:large, max-video-preview:-1\" \/>\n<link rel=\"canonical\" href=\"https:\/\/cavalor.com\/pl\/suplementy\/energia-i-kondycja\/powred-performance-2\/\" \/>\n<meta property=\"og:locale\" content=\"pl_PL\" \/>\n<meta property=\"og:type\" content=\"article\" \/>\n<meta property=\"og:title\" content=\"Pow&#039;Red Performance\" \/>\n<meta property=\"og:description\" content=\"Cavalor Pow&#039;Red Performance to pyszny p\u0142ynny suplement diety zapewniaj\u0105cy maksymaln\u0105 witalno\u015b\u0107 i wytrzyma\u0142o\u015b\u0107. Wspomaga produkcj\u0119 czerwonych krwinek.\" \/>\n<meta property=\"og:url\" content=\"https:\/\/cavalor.com\/pl\/suplementy\/energia-i-kondycja\/powred-performance-2\/\" \/>\n<meta property=\"og:site_name\" content=\"Cavalor\" \/>\n<meta property=\"article:publisher\" content=\"https:\/\/www.facebook.com\/yourcavalor\" \/>\n<meta property=\"article:modified_time\" content=\"2025-04-29T13:27:07+00:00\" \/>\n<meta property=\"og:image\" content=\"https:\/\/cavalor.com\/wp-content\/uploads\/2021\/09\/Powred-Performance_EU.jpg\" \/>\n\t<meta property=\"og:image:width\" content=\"480\" \/>\n\t<meta property=\"og:image:height\" content=\"720\" \/>\n\t<meta property=\"og:image:type\" content=\"image\/jpeg\" \/>\n<meta name=\"twitter:card\" content=\"summary_large_image\" \/>\n<meta name=\"twitter:site\" content=\"@cavalor\" \/>\n<meta name=\"twitter:label1\" content=\"Szacowany czas czytania\" \/>\n\t<meta name=\"twitter:data1\" content=\"1 minuta\" \/>\n<script type=\"application\/ld+json\" class=\"yoast-schema-graph\">{\"@context\":\"https:\\\/\\\/schema.org\",\"@graph\":[{\"@type\":\"WebPage\",\"@id\":\"https:\\\/\\\/cavalor.com\\\/pl\\\/suplementy\\\/energia-i-kondycja\\\/powred-performance-2\\\/\",\"url\":\"https:\\\/\\\/cavalor.com\\\/pl\\\/suplementy\\\/energia-i-kondycja\\\/powred-performance-2\\\/\",\"name\":\"Pow'Red Performance | Suplement dla maksymalnej witalno\u015bci | Cavalor\",\"isPartOf\":{\"@id\":\"https:\\\/\\\/cavalor.com\\\/pl\\\/#website\"},\"primaryImageOfPage\":{\"@id\":\"https:\\\/\\\/cavalor.com\\\/pl\\\/suplementy\\\/energia-i-kondycja\\\/powred-performance-2\\\/#primaryimage\"},\"image\":{\"@id\":\"https:\\\/\\\/cavalor.com\\\/pl\\\/suplementy\\\/energia-i-kondycja\\\/powred-performance-2\\\/#primaryimage\"},\"thumbnailUrl\":\"https:\\\/\\\/cavalor.com\\\/wp-content\\\/uploads\\\/2021\\\/09\\\/Powred-Performance_EU.jpg\",\"datePublished\":\"2023-12-04T11:33:33+00:00\",\"dateModified\":\"2025-04-29T13:27:07+00:00\",\"description\":\"Cavalor Pow'Red Performance to pyszny p\u0142ynny suplement diety zapewniaj\u0105cy maksymaln\u0105 witalno\u015b\u0107 i wytrzyma\u0142o\u015b\u0107. Wspomaga produkcj\u0119 czerwonych krwinek.\",\"breadcrumb\":{\"@id\":\"https:\\\/\\\/cavalor.com\\\/pl\\\/suplementy\\\/energia-i-kondycja\\\/powred-performance-2\\\/#breadcrumb\"},\"inLanguage\":\"pl-PL\",\"potentialAction\":[{\"@type\":\"ReadAction\",\"target\":[\"https:\\\/\\\/cavalor.com\\\/pl\\\/suplementy\\\/energia-i-kondycja\\\/powred-performance-2\\\/\"]}]},{\"@type\":\"ImageObject\",\"inLanguage\":\"pl-PL\",\"@id\":\"https:\\\/\\\/cavalor.com\\\/pl\\\/suplementy\\\/energia-i-kondycja\\\/powred-performance-2\\\/#primaryimage\",\"url\":\"https:\\\/\\\/cavalor.com\\\/wp-content\\\/uploads\\\/2021\\\/09\\\/Powred-Performance_EU.jpg\",\"contentUrl\":\"https:\\\/\\\/cavalor.com\\\/wp-content\\\/uploads\\\/2021\\\/09\\\/Powred-Performance_EU.jpg\",\"width\":480,\"height\":720},{\"@type\":\"BreadcrumbList\",\"@id\":\"https:\\\/\\\/cavalor.com\\\/pl\\\/suplementy\\\/energia-i-kondycja\\\/powred-performance-2\\\/#breadcrumb\",\"itemListElement\":[{\"@type\":\"ListItem\",\"position\":1,\"name\":\"Home\",\"item\":\"https:\\\/\\\/cavalor.com\\\/pl\\\/\"},{\"@type\":\"ListItem\",\"position\":2,\"name\":\"Shop\",\"item\":\"https:\\\/\\\/cavalor.com\\\/en-us\\\/shop-2\\\/\"},{\"@type\":\"ListItem\",\"position\":3,\"name\":\"Pow&#8217;Red Performance\"}]},{\"@type\":\"WebSite\",\"@id\":\"https:\\\/\\\/cavalor.com\\\/pl\\\/#website\",\"url\":\"https:\\\/\\\/cavalor.com\\\/pl\\\/\",\"name\":\"Cavalor\",\"description\":\"Nutrition for horses\",\"publisher\":{\"@id\":\"https:\\\/\\\/cavalor.com\\\/pl\\\/#organization\"},\"potentialAction\":[{\"@type\":\"SearchAction\",\"target\":{\"@type\":\"EntryPoint\",\"urlTemplate\":\"https:\\\/\\\/cavalor.com\\\/pl\\\/?s={search_term_string}\"},\"query-input\":{\"@type\":\"PropertyValueSpecification\",\"valueRequired\":true,\"valueName\":\"search_term_string\"}}],\"inLanguage\":\"pl-PL\"},{\"@type\":\"Organization\",\"@id\":\"https:\\\/\\\/cavalor.com\\\/pl\\\/#organization\",\"name\":\"Cavalor\",\"url\":\"https:\\\/\\\/cavalor.com\\\/pl\\\/\",\"logo\":{\"@type\":\"ImageObject\",\"inLanguage\":\"pl-PL\",\"@id\":\"https:\\\/\\\/cavalor.com\\\/pl\\\/#\\\/schema\\\/logo\\\/image\\\/\",\"url\":\"https:\\\/\\\/cavalor.com\\\/wp-content\\\/uploads\\\/2025\\\/03\\\/cavalor-logo.png\",\"contentUrl\":\"https:\\\/\\\/cavalor.com\\\/wp-content\\\/uploads\\\/2025\\\/03\\\/cavalor-logo.png\",\"width\":696,\"height\":696,\"caption\":\"Cavalor\"},\"image\":{\"@id\":\"https:\\\/\\\/cavalor.com\\\/pl\\\/#\\\/schema\\\/logo\\\/image\\\/\"},\"sameAs\":[\"https:\\\/\\\/www.facebook.com\\\/yourcavalor\",\"https:\\\/\\\/x.com\\\/cavalor\",\"https:\\\/\\\/nl.linkedin.com\\\/company\\\/cavalor\",\"https:\\\/\\\/www.youtube.com\\\/user\\\/CavalorVideo\"],\"description\":\"From the first steps in the world of equestrian sport to the ultimate partnership of horse and rider: we are here to accompany you on your journey. We assist you in making the right feed decisions to bring out the best in you and your horse. Not as a quick fix, but with a view to the horizon. We\u2019re committed to good health inside and out. Our products are created to meet the needs of your horse in any sport, any phase of life, and any specific requirements. Ambition is what drives us and makes us grow. All of us. At Cavalor, we challenge ourselves to gain more knowledge and improve continuously. That\u2019s how we develop our products; every product is borne of a rational and unique view on equine feeding and care \u2013 supported by scientific research and driven by the desire for the health of the horse and the meeting of its needs.\",\"email\":\"info@cavalor.com\",\"telephone\":\"+32 (0)9 220 25 25\"}]}<\/script>\n<!-- \/ Yoast SEO Premium plugin. -->","yoast_head_json":{"title":"Pow'Red Performance | Suplement dla maksymalnej witalno\u015bci | Cavalor","description":"Cavalor Pow'Red Performance to pyszny p\u0142ynny suplement diety zapewniaj\u0105cy maksymaln\u0105 witalno\u015b\u0107 i wytrzyma\u0142o\u015b\u0107. Wspomaga produkcj\u0119 czerwonych krwinek.","robots":{"index":"index","follow":"follow","max-snippet":"max-snippet:-1","max-image-preview":"max-image-preview:large","max-video-preview":"max-video-preview:-1"},"canonical":"https:\/\/cavalor.com\/pl\/suplementy\/energia-i-kondycja\/powred-performance-2\/","og_locale":"pl_PL","og_type":"article","og_title":"Pow'Red Performance","og_description":"Cavalor Pow'Red Performance to pyszny p\u0142ynny suplement diety zapewniaj\u0105cy maksymaln\u0105 witalno\u015b\u0107 i wytrzyma\u0142o\u015b\u0107. Wspomaga produkcj\u0119 czerwonych krwinek.","og_url":"https:\/\/cavalor.com\/pl\/suplementy\/energia-i-kondycja\/powred-performance-2\/","og_site_name":"Cavalor","article_publisher":"https:\/\/www.facebook.com\/yourcavalor","article_modified_time":"2025-04-29T13:27:07+00:00","og_image":[{"width":480,"height":720,"url":"https:\/\/cavalor.com\/wp-content\/uploads\/2021\/09\/Powred-Performance_EU.jpg","type":"image\/jpeg"}],"twitter_card":"summary_large_image","twitter_site":"@cavalor","twitter_misc":{"Szacowany czas czytania":"1 minuta"},"schema":{"@context":"https:\/\/schema.org","@graph":[{"@type":"WebPage","@id":"https:\/\/cavalor.com\/pl\/suplementy\/energia-i-kondycja\/powred-performance-2\/","url":"https:\/\/cavalor.com\/pl\/suplementy\/energia-i-kondycja\/powred-performance-2\/","name":"Pow'Red Performance | Suplement dla maksymalnej witalno\u015bci | Cavalor","isPartOf":{"@id":"https:\/\/cavalor.com\/pl\/#website"},"primaryImageOfPage":{"@id":"https:\/\/cavalor.com\/pl\/suplementy\/energia-i-kondycja\/powred-performance-2\/#primaryimage"},"image":{"@id":"https:\/\/cavalor.com\/pl\/suplementy\/energia-i-kondycja\/powred-performance-2\/#primaryimage"},"thumbnailUrl":"https:\/\/cavalor.com\/wp-content\/uploads\/2021\/09\/Powred-Performance_EU.jpg","datePublished":"2023-12-04T11:33:33+00:00","dateModified":"2025-04-29T13:27:07+00:00","description":"Cavalor Pow'Red Performance to pyszny p\u0142ynny suplement diety zapewniaj\u0105cy maksymaln\u0105 witalno\u015b\u0107 i wytrzyma\u0142o\u015b\u0107. Wspomaga produkcj\u0119 czerwonych krwinek.","breadcrumb":{"@id":"https:\/\/cavalor.com\/pl\/suplementy\/energia-i-kondycja\/powred-performance-2\/#breadcrumb"},"inLanguage":"pl-PL","potentialAction":[{"@type":"ReadAction","target":["https:\/\/cavalor.com\/pl\/suplementy\/energia-i-kondycja\/powred-performance-2\/"]}]},{"@type":"ImageObject","inLanguage":"pl-PL","@id":"https:\/\/cavalor.com\/pl\/suplementy\/energia-i-kondycja\/powred-performance-2\/#primaryimage","url":"https:\/\/cavalor.com\/wp-content\/uploads\/2021\/09\/Powred-Performance_EU.jpg","contentUrl":"https:\/\/cavalor.com\/wp-content\/uploads\/2021\/09\/Powred-Performance_EU.jpg","width":480,"height":720},{"@type":"BreadcrumbList","@id":"https:\/\/cavalor.com\/pl\/suplementy\/energia-i-kondycja\/powred-performance-2\/#breadcrumb","itemListElement":[{"@type":"ListItem","position":1,"name":"Home","item":"https:\/\/cavalor.com\/pl\/"},{"@type":"ListItem","position":2,"name":"Shop","item":"https:\/\/cavalor.com\/en-us\/shop-2\/"},{"@type":"ListItem","position":3,"name":"Pow&#8217;Red Performance"}]},{"@type":"WebSite","@id":"https:\/\/cavalor.com\/pl\/#website","url":"https:\/\/cavalor.com\/pl\/","name":"Cavalor","description":"Nutrition for horses","publisher":{"@id":"https:\/\/cavalor.com\/pl\/#organization"},"potentialAction":[{"@type":"SearchAction","target":{"@type":"EntryPoint","urlTemplate":"https:\/\/cavalor.com\/pl\/?s={search_term_string}"},"query-input":{"@type":"PropertyValueSpecification","valueRequired":true,"valueName":"search_term_string"}}],"inLanguage":"pl-PL"},{"@type":"Organization","@id":"https:\/\/cavalor.com\/pl\/#organization","name":"Cavalor","url":"https:\/\/cavalor.com\/pl\/","logo":{"@type":"ImageObject","inLanguage":"pl-PL","@id":"https:\/\/cavalor.com\/pl\/#\/schema\/logo\/image\/","url":"https:\/\/cavalor.com\/wp-content\/uploads\/2025\/03\/cavalor-logo.png","contentUrl":"https:\/\/cavalor.com\/wp-content\/uploads\/2025\/03\/cavalor-logo.png","width":696,"height":696,"caption":"Cavalor"},"image":{"@id":"https:\/\/cavalor.com\/pl\/#\/schema\/logo\/image\/"},"sameAs":["https:\/\/www.facebook.com\/yourcavalor","https:\/\/x.com\/cavalor","https:\/\/nl.linkedin.com\/company\/cavalor","https:\/\/www.youtube.com\/user\/CavalorVideo"],"description":"From the first steps in the world of equestrian sport to the ultimate partnership of horse and rider: we are here to accompany you on your journey. We assist you in making the right feed decisions to bring out the best in you and your horse. Not as a quick fix, but with a view to the horizon. We\u2019re committed to good health inside and out. Our products are created to meet the needs of your horse in any sport, any phase of life, and any specific requirements. Ambition is what drives us and makes us grow. All of us. At Cavalor, we challenge ourselves to gain more knowledge and improve continuously. That\u2019s how we develop our products; every product is borne of a rational and unique view on equine feeding and care \u2013 supported by scientific research and driven by the desire for the health of the horse and the meeting of its needs.","email":"info@cavalor.com","telephone":"+32 (0)9 220 25 25"}]}},"_links":{"self":[{"href":"https:\/\/cavalor.com\/pl\/wp-json\/wp\/v2\/product\/131995","targetHints":{"allow":["GET"]}}],"collection":[{"href":"https:\/\/cavalor.com\/pl\/wp-json\/wp\/v2\/product"}],"about":[{"href":"https:\/\/cavalor.com\/pl\/wp-json\/wp\/v2\/types\/product"}],"replies":[{"embeddable":true,"href":"https:\/\/cavalor.com\/pl\/wp-json\/wp\/v2\/comments?post=131995"}],"version-history":[{"count":0,"href":"https:\/\/cavalor.com\/pl\/wp-json\/wp\/v2\/product\/131995\/revisions"}],"wp:featuredmedia":[{"embeddable":true,"href":"https:\/\/cavalor.com\/pl\/wp-json\/wp\/v2\/media\/18776"}],"wp:attachment":[{"href":"https:\/\/cavalor.com\/pl\/wp-json\/wp\/v2\/media?parent=131995"}],"wp:term":[{"taxonomy":"product_brand","embeddable":true,"href":"https:\/\/cavalor.com\/pl\/wp-json\/wp\/v2\/product_brand?post=131995"},{"taxonomy":"product_cat","embeddable":true,"href":"https:\/\/cavalor.com\/pl\/wp-json\/wp\/v2\/product_cat?post=131995"},{"taxonomy":"product_tag","embeddable":true,"href":"https:\/\/cavalor.com\/pl\/wp-json\/wp\/v2\/product_tag?post=131995"},{"taxonomy":"doelgroep","embeddable":true,"href":"https:\/\/cavalor.com\/pl\/wp-json\/wp\/v2\/doelgroep?post=131995"},{"taxonomy":"_hot_topics_race","embeddable":true,"href":"https:\/\/cavalor.com\/pl\/wp-json\/wp\/v2\/_hot_topics_race?post=131995"},{"taxonomy":"search-archive","embeddable":true,"href":"https:\/\/cavalor.com\/pl\/wp-json\/wp\/v2\/search-archive?post=131995"},{"taxonomy":"bezorgdheden","embeddable":true,"href":"https:\/\/cavalor.com\/pl\/wp-json\/wp\/v2\/bezorgdheden?post=131995"},{"taxonomy":"nieuw","embeddable":true,"href":"https:\/\/cavalor.com\/pl\/wp-json\/wp\/v2\/nieuw?post=131995"},{"taxonomy":"focus","embeddable":true,"href":"https:\/\/cavalor.com\/pl\/wp-json\/wp\/v2\/focus?post=131995"},{"taxonomy":"life-phase","embeddable":true,"href":"https:\/\/cavalor.com\/pl\/wp-json\/wp\/v2\/life-phase?post=131995"},{"taxonomy":"range","embeddable":true,"href":"https:\/\/cavalor.com\/pl\/wp-json\/wp\/v2\/range?post=131995"},{"taxonomy":"sales-location","embeddable":true,"href":"https:\/\/cavalor.com\/pl\/wp-json\/wp\/v2\/sales-location?post=131995"},{"taxonomy":"product-category","embeddable":true,"href":"https:\/\/cavalor.com\/pl\/wp-json\/wp\/v2\/product-category?post=131995"},{"taxonomy":"_hot_topics","embeddable":true,"href":"https:\/\/cavalor.com\/pl\/wp-json\/wp\/v2\/_hot_topics?post=131995"}],"curies":[{"name":"wp","href":"https:\/\/api.w.org\/{rel}","templated":true}]}}