{"id":132048,"date":"2023-12-26T11:22:27","date_gmt":"2023-12-26T10:22:27","guid":{"rendered":"https:\/\/cavalor.comour-products\/muscle-cooler-2\/"},"modified":"2025-04-30T11:37:06","modified_gmt":"2025-04-30T09:37:06","slug":"muscle-cooler-2","status":"publish","type":"product","link":"https:\/\/cavalor.com\/pl\/pielegnacja\/regulacja-temperatury-ciala\/muscle-cooler-2\/","title":{"rendered":"Muscle Cooler"},"content":{"rendered":"","protected":false},"excerpt":{"rendered":"<p>\u017bel ch\u0142odz\u0105cy pomagaj\u0105cy mi\u0119\u015bniom i \u015bci\u0119gnom zregenerowa\u0107 si\u0119 po wysi\u0142ku<\/p>\n","protected":false},"featured_media":119626,"comment_status":"open","ping_status":"closed","template":"","meta":{"_improvement_type_select":"improve_an_existing","_thumb_yes_seoaic":false,"_frame_yes_seoaic":false,"seoaic_generate_description":"","seoaic_improve_instructions_prompt":"","seoaic_rollback_content_improvement":"","seoaic_idea_thumbnail_generator":"","thumbnail_generated":false,"thumbnail_generate_prompt":"","seoaic_article_description":"","footnotes":""},"product_brand":[],"product_cat":[1456,1439],"product_tag":[],"doelgroep":[1214],"_hot_topics_race":[],"search-archive":[1174],"bezorgdheden":[],"nieuw":[],"focus":[1185,1272],"life-phase":[1178,1182],"range":[],"sales-location":[1173],"product-category":[1262],"_hot_topics":[1180,1370],"class_list":{"0":"post-132048","1":"product","2":"type-product","3":"status-publish","4":"has-post-thumbnail","6":"product_cat-regulacja-temperatury-ciala","7":"product_cat-pielegnacja","8":"focus-miesnie","9":"focus-elektrolytes-pl","10":"_hot_topics-pielegnacja","11":"_hot_topics-lato","13":"first","14":"instock","15":"product-type-simple"},"yoast_head":"<!-- This site is optimized with the Yoast SEO Premium plugin v27.4 (Yoast SEO v27.4) - https:\/\/yoast.com\/product\/yoast-seo-premium-wordpress\/ -->\n<title>Muscle Cooler | Regeneracja staw\u00f3w, \u015bci\u0119gien i mi\u0119\u015bni konia | Cavalor<\/title>\n<meta name=\"description\" content=\"Cavalor Muscle Cooler to \u017cel ch\u0142odz\u0105cy, kt\u00f3ry wspomaga regeneracj\u0119 staw\u00f3w, \u015bci\u0119gien i mi\u0119\u015bni. Mo\u017ce by\u0107 stosowany pod owijkami i banda\u017cami.\" \/>\n<meta name=\"robots\" content=\"index, follow, max-snippet:-1, max-image-preview:large, max-video-preview:-1\" \/>\n<link rel=\"canonical\" href=\"https:\/\/cavalor.com\/pl\/pielegnacja\/regulacja-temperatury-ciala\/muscle-cooler-2\/\" \/>\n<meta property=\"og:locale\" content=\"pl_PL\" \/>\n<meta property=\"og:type\" content=\"article\" \/>\n<meta property=\"og:title\" content=\"Muscle Cooler\" \/>\n<meta property=\"og:description\" content=\"Cavalor Muscle Cooler to \u017cel ch\u0142odz\u0105cy, kt\u00f3ry wspomaga regeneracj\u0119 staw\u00f3w, \u015bci\u0119gien i mi\u0119\u015bni. Mo\u017ce by\u0107 stosowany pod owijkami i banda\u017cami.\" \/>\n<meta property=\"og:url\" content=\"https:\/\/cavalor.com\/pl\/pielegnacja\/regulacja-temperatury-ciala\/muscle-cooler-2\/\" \/>\n<meta property=\"og:site_name\" content=\"Cavalor\" \/>\n<meta property=\"article:publisher\" content=\"https:\/\/www.facebook.com\/yourcavalor\" \/>\n<meta property=\"article:modified_time\" content=\"2025-04-30T09:37:06+00:00\" \/>\n<meta property=\"og:image\" content=\"https:\/\/cavalor.com\/wp-content\/uploads\/2021\/09\/Muscle-Cooler_EU.jpg\" \/>\n\t<meta property=\"og:image:width\" content=\"720\" \/>\n\t<meta property=\"og:image:height\" content=\"480\" \/>\n\t<meta property=\"og:image:type\" content=\"image\/jpeg\" \/>\n<meta name=\"twitter:card\" content=\"summary_large_image\" \/>\n<meta name=\"twitter:site\" content=\"@cavalor\" \/>\n<meta name=\"twitter:label1\" content=\"Szacowany czas czytania\" \/>\n\t<meta name=\"twitter:data1\" content=\"1 minuta\" \/>\n<script type=\"application\/ld+json\" class=\"yoast-schema-graph\">{\"@context\":\"https:\\\/\\\/schema.org\",\"@graph\":[{\"@type\":\"WebPage\",\"@id\":\"https:\\\/\\\/cavalor.com\\\/pl\\\/pielegnacja\\\/regulacja-temperatury-ciala\\\/muscle-cooler-2\\\/\",\"url\":\"https:\\\/\\\/cavalor.com\\\/pl\\\/pielegnacja\\\/regulacja-temperatury-ciala\\\/muscle-cooler-2\\\/\",\"name\":\"Muscle Cooler | Regeneracja staw\u00f3w, \u015bci\u0119gien i mi\u0119\u015bni konia | Cavalor\",\"isPartOf\":{\"@id\":\"https:\\\/\\\/cavalor.com\\\/pl\\\/#website\"},\"primaryImageOfPage\":{\"@id\":\"https:\\\/\\\/cavalor.com\\\/pl\\\/pielegnacja\\\/regulacja-temperatury-ciala\\\/muscle-cooler-2\\\/#primaryimage\"},\"image\":{\"@id\":\"https:\\\/\\\/cavalor.com\\\/pl\\\/pielegnacja\\\/regulacja-temperatury-ciala\\\/muscle-cooler-2\\\/#primaryimage\"},\"thumbnailUrl\":\"https:\\\/\\\/cavalor.com\\\/wp-content\\\/uploads\\\/2021\\\/09\\\/Muscle-Cooler_EU.jpg\",\"datePublished\":\"2023-12-26T10:22:27+00:00\",\"dateModified\":\"2025-04-30T09:37:06+00:00\",\"description\":\"Cavalor Muscle Cooler to \u017cel ch\u0142odz\u0105cy, kt\u00f3ry wspomaga regeneracj\u0119 staw\u00f3w, \u015bci\u0119gien i mi\u0119\u015bni. Mo\u017ce by\u0107 stosowany pod owijkami i banda\u017cami.\",\"breadcrumb\":{\"@id\":\"https:\\\/\\\/cavalor.com\\\/pl\\\/pielegnacja\\\/regulacja-temperatury-ciala\\\/muscle-cooler-2\\\/#breadcrumb\"},\"inLanguage\":\"pl-PL\",\"potentialAction\":[{\"@type\":\"ReadAction\",\"target\":[\"https:\\\/\\\/cavalor.com\\\/pl\\\/pielegnacja\\\/regulacja-temperatury-ciala\\\/muscle-cooler-2\\\/\"]}]},{\"@type\":\"ImageObject\",\"inLanguage\":\"pl-PL\",\"@id\":\"https:\\\/\\\/cavalor.com\\\/pl\\\/pielegnacja\\\/regulacja-temperatury-ciala\\\/muscle-cooler-2\\\/#primaryimage\",\"url\":\"https:\\\/\\\/cavalor.com\\\/wp-content\\\/uploads\\\/2021\\\/09\\\/Muscle-Cooler_EU.jpg\",\"contentUrl\":\"https:\\\/\\\/cavalor.com\\\/wp-content\\\/uploads\\\/2021\\\/09\\\/Muscle-Cooler_EU.jpg\",\"width\":720,\"height\":480},{\"@type\":\"BreadcrumbList\",\"@id\":\"https:\\\/\\\/cavalor.com\\\/pl\\\/pielegnacja\\\/regulacja-temperatury-ciala\\\/muscle-cooler-2\\\/#breadcrumb\",\"itemListElement\":[{\"@type\":\"ListItem\",\"position\":1,\"name\":\"Home\",\"item\":\"https:\\\/\\\/cavalor.com\\\/pl\\\/\"},{\"@type\":\"ListItem\",\"position\":2,\"name\":\"Shop\",\"item\":\"https:\\\/\\\/cavalor.com\\\/en-us\\\/shop-2\\\/\"},{\"@type\":\"ListItem\",\"position\":3,\"name\":\"Muscle Cooler\"}]},{\"@type\":\"WebSite\",\"@id\":\"https:\\\/\\\/cavalor.com\\\/pl\\\/#website\",\"url\":\"https:\\\/\\\/cavalor.com\\\/pl\\\/\",\"name\":\"Cavalor\",\"description\":\"Nutrition for horses\",\"publisher\":{\"@id\":\"https:\\\/\\\/cavalor.com\\\/pl\\\/#organization\"},\"potentialAction\":[{\"@type\":\"SearchAction\",\"target\":{\"@type\":\"EntryPoint\",\"urlTemplate\":\"https:\\\/\\\/cavalor.com\\\/pl\\\/?s={search_term_string}\"},\"query-input\":{\"@type\":\"PropertyValueSpecification\",\"valueRequired\":true,\"valueName\":\"search_term_string\"}}],\"inLanguage\":\"pl-PL\"},{\"@type\":\"Organization\",\"@id\":\"https:\\\/\\\/cavalor.com\\\/pl\\\/#organization\",\"name\":\"Cavalor\",\"url\":\"https:\\\/\\\/cavalor.com\\\/pl\\\/\",\"logo\":{\"@type\":\"ImageObject\",\"inLanguage\":\"pl-PL\",\"@id\":\"https:\\\/\\\/cavalor.com\\\/pl\\\/#\\\/schema\\\/logo\\\/image\\\/\",\"url\":\"https:\\\/\\\/cavalor.com\\\/wp-content\\\/uploads\\\/2025\\\/03\\\/cavalor-logo.png\",\"contentUrl\":\"https:\\\/\\\/cavalor.com\\\/wp-content\\\/uploads\\\/2025\\\/03\\\/cavalor-logo.png\",\"width\":696,\"height\":696,\"caption\":\"Cavalor\"},\"image\":{\"@id\":\"https:\\\/\\\/cavalor.com\\\/pl\\\/#\\\/schema\\\/logo\\\/image\\\/\"},\"sameAs\":[\"https:\\\/\\\/www.facebook.com\\\/yourcavalor\",\"https:\\\/\\\/x.com\\\/cavalor\",\"https:\\\/\\\/nl.linkedin.com\\\/company\\\/cavalor\",\"https:\\\/\\\/www.youtube.com\\\/user\\\/CavalorVideo\"],\"description\":\"From the first steps in the world of equestrian sport to the ultimate partnership of horse and rider: we are here to accompany you on your journey. We assist you in making the right feed decisions to bring out the best in you and your horse. Not as a quick fix, but with a view to the horizon. We\u2019re committed to good health inside and out. Our products are created to meet the needs of your horse in any sport, any phase of life, and any specific requirements. Ambition is what drives us and makes us grow. All of us. At Cavalor, we challenge ourselves to gain more knowledge and improve continuously. That\u2019s how we develop our products; every product is borne of a rational and unique view on equine feeding and care \u2013 supported by scientific research and driven by the desire for the health of the horse and the meeting of its needs.\",\"email\":\"info@cavalor.com\",\"telephone\":\"+32 (0)9 220 25 25\"}]}<\/script>\n<!-- \/ Yoast SEO Premium plugin. -->","yoast_head_json":{"title":"Muscle Cooler | Regeneracja staw\u00f3w, \u015bci\u0119gien i mi\u0119\u015bni konia | Cavalor","description":"Cavalor Muscle Cooler to \u017cel ch\u0142odz\u0105cy, kt\u00f3ry wspomaga regeneracj\u0119 staw\u00f3w, \u015bci\u0119gien i mi\u0119\u015bni. Mo\u017ce by\u0107 stosowany pod owijkami i banda\u017cami.","robots":{"index":"index","follow":"follow","max-snippet":"max-snippet:-1","max-image-preview":"max-image-preview:large","max-video-preview":"max-video-preview:-1"},"canonical":"https:\/\/cavalor.com\/pl\/pielegnacja\/regulacja-temperatury-ciala\/muscle-cooler-2\/","og_locale":"pl_PL","og_type":"article","og_title":"Muscle Cooler","og_description":"Cavalor Muscle Cooler to \u017cel ch\u0142odz\u0105cy, kt\u00f3ry wspomaga regeneracj\u0119 staw\u00f3w, \u015bci\u0119gien i mi\u0119\u015bni. Mo\u017ce by\u0107 stosowany pod owijkami i banda\u017cami.","og_url":"https:\/\/cavalor.com\/pl\/pielegnacja\/regulacja-temperatury-ciala\/muscle-cooler-2\/","og_site_name":"Cavalor","article_publisher":"https:\/\/www.facebook.com\/yourcavalor","article_modified_time":"2025-04-30T09:37:06+00:00","og_image":[{"width":720,"height":480,"url":"https:\/\/cavalor.com\/wp-content\/uploads\/2021\/09\/Muscle-Cooler_EU.jpg","type":"image\/jpeg"}],"twitter_card":"summary_large_image","twitter_site":"@cavalor","twitter_misc":{"Szacowany czas czytania":"1 minuta"},"schema":{"@context":"https:\/\/schema.org","@graph":[{"@type":"WebPage","@id":"https:\/\/cavalor.com\/pl\/pielegnacja\/regulacja-temperatury-ciala\/muscle-cooler-2\/","url":"https:\/\/cavalor.com\/pl\/pielegnacja\/regulacja-temperatury-ciala\/muscle-cooler-2\/","name":"Muscle Cooler | Regeneracja staw\u00f3w, \u015bci\u0119gien i mi\u0119\u015bni konia | Cavalor","isPartOf":{"@id":"https:\/\/cavalor.com\/pl\/#website"},"primaryImageOfPage":{"@id":"https:\/\/cavalor.com\/pl\/pielegnacja\/regulacja-temperatury-ciala\/muscle-cooler-2\/#primaryimage"},"image":{"@id":"https:\/\/cavalor.com\/pl\/pielegnacja\/regulacja-temperatury-ciala\/muscle-cooler-2\/#primaryimage"},"thumbnailUrl":"https:\/\/cavalor.com\/wp-content\/uploads\/2021\/09\/Muscle-Cooler_EU.jpg","datePublished":"2023-12-26T10:22:27+00:00","dateModified":"2025-04-30T09:37:06+00:00","description":"Cavalor Muscle Cooler to \u017cel ch\u0142odz\u0105cy, kt\u00f3ry wspomaga regeneracj\u0119 staw\u00f3w, \u015bci\u0119gien i mi\u0119\u015bni. Mo\u017ce by\u0107 stosowany pod owijkami i banda\u017cami.","breadcrumb":{"@id":"https:\/\/cavalor.com\/pl\/pielegnacja\/regulacja-temperatury-ciala\/muscle-cooler-2\/#breadcrumb"},"inLanguage":"pl-PL","potentialAction":[{"@type":"ReadAction","target":["https:\/\/cavalor.com\/pl\/pielegnacja\/regulacja-temperatury-ciala\/muscle-cooler-2\/"]}]},{"@type":"ImageObject","inLanguage":"pl-PL","@id":"https:\/\/cavalor.com\/pl\/pielegnacja\/regulacja-temperatury-ciala\/muscle-cooler-2\/#primaryimage","url":"https:\/\/cavalor.com\/wp-content\/uploads\/2021\/09\/Muscle-Cooler_EU.jpg","contentUrl":"https:\/\/cavalor.com\/wp-content\/uploads\/2021\/09\/Muscle-Cooler_EU.jpg","width":720,"height":480},{"@type":"BreadcrumbList","@id":"https:\/\/cavalor.com\/pl\/pielegnacja\/regulacja-temperatury-ciala\/muscle-cooler-2\/#breadcrumb","itemListElement":[{"@type":"ListItem","position":1,"name":"Home","item":"https:\/\/cavalor.com\/pl\/"},{"@type":"ListItem","position":2,"name":"Shop","item":"https:\/\/cavalor.com\/en-us\/shop-2\/"},{"@type":"ListItem","position":3,"name":"Muscle Cooler"}]},{"@type":"WebSite","@id":"https:\/\/cavalor.com\/pl\/#website","url":"https:\/\/cavalor.com\/pl\/","name":"Cavalor","description":"Nutrition for horses","publisher":{"@id":"https:\/\/cavalor.com\/pl\/#organization"},"potentialAction":[{"@type":"SearchAction","target":{"@type":"EntryPoint","urlTemplate":"https:\/\/cavalor.com\/pl\/?s={search_term_string}"},"query-input":{"@type":"PropertyValueSpecification","valueRequired":true,"valueName":"search_term_string"}}],"inLanguage":"pl-PL"},{"@type":"Organization","@id":"https:\/\/cavalor.com\/pl\/#organization","name":"Cavalor","url":"https:\/\/cavalor.com\/pl\/","logo":{"@type":"ImageObject","inLanguage":"pl-PL","@id":"https:\/\/cavalor.com\/pl\/#\/schema\/logo\/image\/","url":"https:\/\/cavalor.com\/wp-content\/uploads\/2025\/03\/cavalor-logo.png","contentUrl":"https:\/\/cavalor.com\/wp-content\/uploads\/2025\/03\/cavalor-logo.png","width":696,"height":696,"caption":"Cavalor"},"image":{"@id":"https:\/\/cavalor.com\/pl\/#\/schema\/logo\/image\/"},"sameAs":["https:\/\/www.facebook.com\/yourcavalor","https:\/\/x.com\/cavalor","https:\/\/nl.linkedin.com\/company\/cavalor","https:\/\/www.youtube.com\/user\/CavalorVideo"],"description":"From the first steps in the world of equestrian sport to the ultimate partnership of horse and rider: we are here to accompany you on your journey. We assist you in making the right feed decisions to bring out the best in you and your horse. Not as a quick fix, but with a view to the horizon. We\u2019re committed to good health inside and out. Our products are created to meet the needs of your horse in any sport, any phase of life, and any specific requirements. Ambition is what drives us and makes us grow. All of us. At Cavalor, we challenge ourselves to gain more knowledge and improve continuously. That\u2019s how we develop our products; every product is borne of a rational and unique view on equine feeding and care \u2013 supported by scientific research and driven by the desire for the health of the horse and the meeting of its needs.","email":"info@cavalor.com","telephone":"+32 (0)9 220 25 25"}]}},"_links":{"self":[{"href":"https:\/\/cavalor.com\/pl\/wp-json\/wp\/v2\/product\/132048","targetHints":{"allow":["GET"]}}],"collection":[{"href":"https:\/\/cavalor.com\/pl\/wp-json\/wp\/v2\/product"}],"about":[{"href":"https:\/\/cavalor.com\/pl\/wp-json\/wp\/v2\/types\/product"}],"replies":[{"embeddable":true,"href":"https:\/\/cavalor.com\/pl\/wp-json\/wp\/v2\/comments?post=132048"}],"version-history":[{"count":0,"href":"https:\/\/cavalor.com\/pl\/wp-json\/wp\/v2\/product\/132048\/revisions"}],"wp:featuredmedia":[{"embeddable":true,"href":"https:\/\/cavalor.com\/pl\/wp-json\/wp\/v2\/media\/119626"}],"wp:attachment":[{"href":"https:\/\/cavalor.com\/pl\/wp-json\/wp\/v2\/media?parent=132048"}],"wp:term":[{"taxonomy":"product_brand","embeddable":true,"href":"https:\/\/cavalor.com\/pl\/wp-json\/wp\/v2\/product_brand?post=132048"},{"taxonomy":"product_cat","embeddable":true,"href":"https:\/\/cavalor.com\/pl\/wp-json\/wp\/v2\/product_cat?post=132048"},{"taxonomy":"product_tag","embeddable":true,"href":"https:\/\/cavalor.com\/pl\/wp-json\/wp\/v2\/product_tag?post=132048"},{"taxonomy":"doelgroep","embeddable":true,"href":"https:\/\/cavalor.com\/pl\/wp-json\/wp\/v2\/doelgroep?post=132048"},{"taxonomy":"_hot_topics_race","embeddable":true,"href":"https:\/\/cavalor.com\/pl\/wp-json\/wp\/v2\/_hot_topics_race?post=132048"},{"taxonomy":"search-archive","embeddable":true,"href":"https:\/\/cavalor.com\/pl\/wp-json\/wp\/v2\/search-archive?post=132048"},{"taxonomy":"bezorgdheden","embeddable":true,"href":"https:\/\/cavalor.com\/pl\/wp-json\/wp\/v2\/bezorgdheden?post=132048"},{"taxonomy":"nieuw","embeddable":true,"href":"https:\/\/cavalor.com\/pl\/wp-json\/wp\/v2\/nieuw?post=132048"},{"taxonomy":"focus","embeddable":true,"href":"https:\/\/cavalor.com\/pl\/wp-json\/wp\/v2\/focus?post=132048"},{"taxonomy":"life-phase","embeddable":true,"href":"https:\/\/cavalor.com\/pl\/wp-json\/wp\/v2\/life-phase?post=132048"},{"taxonomy":"range","embeddable":true,"href":"https:\/\/cavalor.com\/pl\/wp-json\/wp\/v2\/range?post=132048"},{"taxonomy":"sales-location","embeddable":true,"href":"https:\/\/cavalor.com\/pl\/wp-json\/wp\/v2\/sales-location?post=132048"},{"taxonomy":"product-category","embeddable":true,"href":"https:\/\/cavalor.com\/pl\/wp-json\/wp\/v2\/product-category?post=132048"},{"taxonomy":"_hot_topics","embeddable":true,"href":"https:\/\/cavalor.com\/pl\/wp-json\/wp\/v2\/_hot_topics?post=132048"}],"curies":[{"name":"wp","href":"https:\/\/api.w.org\/{rel}","templated":true}]}}