{"id":132114,"date":"2024-01-06T14:15:51","date_gmt":"2024-01-06T13:15:51","guid":{"rendered":"https:\/\/cavalor.comour-products\/freebute-2\/"},"modified":"2025-04-29T16:08:05","modified_gmt":"2025-04-29T14:08:05","slug":"freebute-2","status":"publish","type":"product","link":"https:\/\/cavalor.com\/pl\/suplementy\/stawy-sciegna-wiezadla\/freebute-2\/","title":{"rendered":"FreeBute"},"content":{"rendered":"","protected":false},"excerpt":{"rendered":"<p>Suplement zapewniaj\u0105cy swobodniejszy ruch i \u0142agodz\u0105cy skutki przeci\u0105\u017cenia<\/p>\n","protected":false},"featured_media":74970,"comment_status":"closed","ping_status":"closed","template":"","meta":{"_improvement_type_select":"improve_an_existing","_thumb_yes_seoaic":false,"_frame_yes_seoaic":false,"seoaic_generate_description":"","seoaic_improve_instructions_prompt":"","seoaic_rollback_content_improvement":"","seoaic_idea_thumbnail_generator":"","thumbnail_generated":false,"thumbnail_generate_prompt":"","seoaic_article_description":"","footnotes":""},"product_brand":[],"product_cat":[1447,1359],"product_tag":[],"doelgroep":[1214],"_hot_topics_race":[],"search-archive":[1174],"bezorgdheden":[],"nieuw":[],"focus":[1266,1268],"life-phase":[1182],"range":[],"sales-location":[1173],"product-category":[],"_hot_topics":[1180],"class_list":{"0":"post-132114","1":"product","2":"type-product","3":"status-publish","4":"has-post-thumbnail","6":"product_cat-stawy-sciegna-wiezadla","7":"product_cat-suplementy","8":"focus-high-performance-pl","9":"focus-joints-tendons-pl","10":"_hot_topics-pielegnacja","12":"first","13":"instock","14":"product-type-simple"},"yoast_head":"<!-- This site is optimized with the Yoast SEO Premium plugin v27.4 (Yoast SEO v27.4) - https:\/\/yoast.com\/product\/yoast-seo-premium-wordpress\/ -->\n<title>FreeBute | Szybka ulga dla mi\u0119\u015bni i staw\u00f3w koni sportowych | Cavalor<\/title>\n<meta name=\"description\" content=\"Cavalor FreeBute pomaga utrzyma\u0107 elastyczne mi\u0119\u015bnie i stawy. Ponadto zapewnia szybk\u0105 ulg\u0119 w b\u00f3lu i dyskomforcie u koni sportowych. Z naturalnych sk\u0142adnik\u00f3w.\" \/>\n<meta name=\"robots\" content=\"index, follow, max-snippet:-1, max-image-preview:large, max-video-preview:-1\" \/>\n<link rel=\"canonical\" href=\"https:\/\/cavalor.com\/pl\/suplementy\/stawy-sciegna-wiezadla\/freebute-2\/\" \/>\n<meta property=\"og:locale\" content=\"pl_PL\" \/>\n<meta property=\"og:type\" content=\"article\" \/>\n<meta property=\"og:title\" content=\"FreeBute\" \/>\n<meta property=\"og:description\" content=\"Cavalor FreeBute pomaga utrzyma\u0107 elastyczne mi\u0119\u015bnie i stawy. Ponadto zapewnia szybk\u0105 ulg\u0119 w b\u00f3lu i dyskomforcie u koni sportowych. Z naturalnych sk\u0142adnik\u00f3w.\" \/>\n<meta property=\"og:url\" content=\"https:\/\/cavalor.com\/pl\/suplementy\/stawy-sciegna-wiezadla\/freebute-2\/\" \/>\n<meta property=\"og:site_name\" content=\"Cavalor\" \/>\n<meta property=\"article:publisher\" content=\"https:\/\/www.facebook.com\/yourcavalor\" \/>\n<meta property=\"article:modified_time\" content=\"2025-04-29T14:08:05+00:00\" \/>\n<meta property=\"og:image\" content=\"https:\/\/cavalor.com\/wp-content\/uploads\/2018\/09\/FreeBute.jpg\" \/>\n\t<meta property=\"og:image:width\" content=\"720\" \/>\n\t<meta property=\"og:image:height\" content=\"550\" \/>\n\t<meta property=\"og:image:type\" content=\"image\/jpeg\" \/>\n<meta name=\"twitter:card\" content=\"summary_large_image\" \/>\n<meta name=\"twitter:site\" content=\"@cavalor\" \/>\n<meta name=\"twitter:label1\" content=\"Szacowany czas czytania\" \/>\n\t<meta name=\"twitter:data1\" content=\"1 minuta\" \/>\n<script type=\"application\/ld+json\" class=\"yoast-schema-graph\">{\"@context\":\"https:\\\/\\\/schema.org\",\"@graph\":[{\"@type\":\"WebPage\",\"@id\":\"https:\\\/\\\/cavalor.com\\\/pl\\\/suplementy\\\/stawy-sciegna-wiezadla\\\/freebute-2\\\/\",\"url\":\"https:\\\/\\\/cavalor.com\\\/pl\\\/suplementy\\\/stawy-sciegna-wiezadla\\\/freebute-2\\\/\",\"name\":\"FreeBute | Szybka ulga dla mi\u0119\u015bni i staw\u00f3w koni sportowych | Cavalor\",\"isPartOf\":{\"@id\":\"https:\\\/\\\/cavalor.com\\\/pl\\\/#website\"},\"primaryImageOfPage\":{\"@id\":\"https:\\\/\\\/cavalor.com\\\/pl\\\/suplementy\\\/stawy-sciegna-wiezadla\\\/freebute-2\\\/#primaryimage\"},\"image\":{\"@id\":\"https:\\\/\\\/cavalor.com\\\/pl\\\/suplementy\\\/stawy-sciegna-wiezadla\\\/freebute-2\\\/#primaryimage\"},\"thumbnailUrl\":\"https:\\\/\\\/cavalor.com\\\/wp-content\\\/uploads\\\/2018\\\/09\\\/FreeBute.jpg\",\"datePublished\":\"2024-01-06T13:15:51+00:00\",\"dateModified\":\"2025-04-29T14:08:05+00:00\",\"description\":\"Cavalor FreeBute pomaga utrzyma\u0107 elastyczne mi\u0119\u015bnie i stawy. Ponadto zapewnia szybk\u0105 ulg\u0119 w b\u00f3lu i dyskomforcie u koni sportowych. Z naturalnych sk\u0142adnik\u00f3w.\",\"breadcrumb\":{\"@id\":\"https:\\\/\\\/cavalor.com\\\/pl\\\/suplementy\\\/stawy-sciegna-wiezadla\\\/freebute-2\\\/#breadcrumb\"},\"inLanguage\":\"pl-PL\",\"potentialAction\":[{\"@type\":\"ReadAction\",\"target\":[\"https:\\\/\\\/cavalor.com\\\/pl\\\/suplementy\\\/stawy-sciegna-wiezadla\\\/freebute-2\\\/\"]}]},{\"@type\":\"ImageObject\",\"inLanguage\":\"pl-PL\",\"@id\":\"https:\\\/\\\/cavalor.com\\\/pl\\\/suplementy\\\/stawy-sciegna-wiezadla\\\/freebute-2\\\/#primaryimage\",\"url\":\"https:\\\/\\\/cavalor.com\\\/wp-content\\\/uploads\\\/2018\\\/09\\\/FreeBute.jpg\",\"contentUrl\":\"https:\\\/\\\/cavalor.com\\\/wp-content\\\/uploads\\\/2018\\\/09\\\/FreeBute.jpg\",\"width\":720,\"height\":550},{\"@type\":\"BreadcrumbList\",\"@id\":\"https:\\\/\\\/cavalor.com\\\/pl\\\/suplementy\\\/stawy-sciegna-wiezadla\\\/freebute-2\\\/#breadcrumb\",\"itemListElement\":[{\"@type\":\"ListItem\",\"position\":1,\"name\":\"Home\",\"item\":\"https:\\\/\\\/cavalor.com\\\/pl\\\/\"},{\"@type\":\"ListItem\",\"position\":2,\"name\":\"Shop\",\"item\":\"https:\\\/\\\/cavalor.com\\\/en-us\\\/shop-2\\\/\"},{\"@type\":\"ListItem\",\"position\":3,\"name\":\"FreeBute\"}]},{\"@type\":\"WebSite\",\"@id\":\"https:\\\/\\\/cavalor.com\\\/pl\\\/#website\",\"url\":\"https:\\\/\\\/cavalor.com\\\/pl\\\/\",\"name\":\"Cavalor\",\"description\":\"Nutrition for horses\",\"publisher\":{\"@id\":\"https:\\\/\\\/cavalor.com\\\/pl\\\/#organization\"},\"potentialAction\":[{\"@type\":\"SearchAction\",\"target\":{\"@type\":\"EntryPoint\",\"urlTemplate\":\"https:\\\/\\\/cavalor.com\\\/pl\\\/?s={search_term_string}\"},\"query-input\":{\"@type\":\"PropertyValueSpecification\",\"valueRequired\":true,\"valueName\":\"search_term_string\"}}],\"inLanguage\":\"pl-PL\"},{\"@type\":\"Organization\",\"@id\":\"https:\\\/\\\/cavalor.com\\\/pl\\\/#organization\",\"name\":\"Cavalor\",\"url\":\"https:\\\/\\\/cavalor.com\\\/pl\\\/\",\"logo\":{\"@type\":\"ImageObject\",\"inLanguage\":\"pl-PL\",\"@id\":\"https:\\\/\\\/cavalor.com\\\/pl\\\/#\\\/schema\\\/logo\\\/image\\\/\",\"url\":\"https:\\\/\\\/cavalor.com\\\/wp-content\\\/uploads\\\/2025\\\/03\\\/cavalor-logo.png\",\"contentUrl\":\"https:\\\/\\\/cavalor.com\\\/wp-content\\\/uploads\\\/2025\\\/03\\\/cavalor-logo.png\",\"width\":696,\"height\":696,\"caption\":\"Cavalor\"},\"image\":{\"@id\":\"https:\\\/\\\/cavalor.com\\\/pl\\\/#\\\/schema\\\/logo\\\/image\\\/\"},\"sameAs\":[\"https:\\\/\\\/www.facebook.com\\\/yourcavalor\",\"https:\\\/\\\/x.com\\\/cavalor\",\"https:\\\/\\\/nl.linkedin.com\\\/company\\\/cavalor\",\"https:\\\/\\\/www.youtube.com\\\/user\\\/CavalorVideo\"],\"description\":\"From the first steps in the world of equestrian sport to the ultimate partnership of horse and rider: we are here to accompany you on your journey. We assist you in making the right feed decisions to bring out the best in you and your horse. Not as a quick fix, but with a view to the horizon. We\u2019re committed to good health inside and out. Our products are created to meet the needs of your horse in any sport, any phase of life, and any specific requirements. Ambition is what drives us and makes us grow. All of us. At Cavalor, we challenge ourselves to gain more knowledge and improve continuously. That\u2019s how we develop our products; every product is borne of a rational and unique view on equine feeding and care \u2013 supported by scientific research and driven by the desire for the health of the horse and the meeting of its needs.\",\"email\":\"info@cavalor.com\",\"telephone\":\"+32 (0)9 220 25 25\"}]}<\/script>\n<!-- \/ Yoast SEO Premium plugin. -->","yoast_head_json":{"title":"FreeBute | Szybka ulga dla mi\u0119\u015bni i staw\u00f3w koni sportowych | Cavalor","description":"Cavalor FreeBute pomaga utrzyma\u0107 elastyczne mi\u0119\u015bnie i stawy. Ponadto zapewnia szybk\u0105 ulg\u0119 w b\u00f3lu i dyskomforcie u koni sportowych. Z naturalnych sk\u0142adnik\u00f3w.","robots":{"index":"index","follow":"follow","max-snippet":"max-snippet:-1","max-image-preview":"max-image-preview:large","max-video-preview":"max-video-preview:-1"},"canonical":"https:\/\/cavalor.com\/pl\/suplementy\/stawy-sciegna-wiezadla\/freebute-2\/","og_locale":"pl_PL","og_type":"article","og_title":"FreeBute","og_description":"Cavalor FreeBute pomaga utrzyma\u0107 elastyczne mi\u0119\u015bnie i stawy. Ponadto zapewnia szybk\u0105 ulg\u0119 w b\u00f3lu i dyskomforcie u koni sportowych. Z naturalnych sk\u0142adnik\u00f3w.","og_url":"https:\/\/cavalor.com\/pl\/suplementy\/stawy-sciegna-wiezadla\/freebute-2\/","og_site_name":"Cavalor","article_publisher":"https:\/\/www.facebook.com\/yourcavalor","article_modified_time":"2025-04-29T14:08:05+00:00","og_image":[{"width":720,"height":550,"url":"https:\/\/cavalor.com\/wp-content\/uploads\/2018\/09\/FreeBute.jpg","type":"image\/jpeg"}],"twitter_card":"summary_large_image","twitter_site":"@cavalor","twitter_misc":{"Szacowany czas czytania":"1 minuta"},"schema":{"@context":"https:\/\/schema.org","@graph":[{"@type":"WebPage","@id":"https:\/\/cavalor.com\/pl\/suplementy\/stawy-sciegna-wiezadla\/freebute-2\/","url":"https:\/\/cavalor.com\/pl\/suplementy\/stawy-sciegna-wiezadla\/freebute-2\/","name":"FreeBute | Szybka ulga dla mi\u0119\u015bni i staw\u00f3w koni sportowych | Cavalor","isPartOf":{"@id":"https:\/\/cavalor.com\/pl\/#website"},"primaryImageOfPage":{"@id":"https:\/\/cavalor.com\/pl\/suplementy\/stawy-sciegna-wiezadla\/freebute-2\/#primaryimage"},"image":{"@id":"https:\/\/cavalor.com\/pl\/suplementy\/stawy-sciegna-wiezadla\/freebute-2\/#primaryimage"},"thumbnailUrl":"https:\/\/cavalor.com\/wp-content\/uploads\/2018\/09\/FreeBute.jpg","datePublished":"2024-01-06T13:15:51+00:00","dateModified":"2025-04-29T14:08:05+00:00","description":"Cavalor FreeBute pomaga utrzyma\u0107 elastyczne mi\u0119\u015bnie i stawy. Ponadto zapewnia szybk\u0105 ulg\u0119 w b\u00f3lu i dyskomforcie u koni sportowych. Z naturalnych sk\u0142adnik\u00f3w.","breadcrumb":{"@id":"https:\/\/cavalor.com\/pl\/suplementy\/stawy-sciegna-wiezadla\/freebute-2\/#breadcrumb"},"inLanguage":"pl-PL","potentialAction":[{"@type":"ReadAction","target":["https:\/\/cavalor.com\/pl\/suplementy\/stawy-sciegna-wiezadla\/freebute-2\/"]}]},{"@type":"ImageObject","inLanguage":"pl-PL","@id":"https:\/\/cavalor.com\/pl\/suplementy\/stawy-sciegna-wiezadla\/freebute-2\/#primaryimage","url":"https:\/\/cavalor.com\/wp-content\/uploads\/2018\/09\/FreeBute.jpg","contentUrl":"https:\/\/cavalor.com\/wp-content\/uploads\/2018\/09\/FreeBute.jpg","width":720,"height":550},{"@type":"BreadcrumbList","@id":"https:\/\/cavalor.com\/pl\/suplementy\/stawy-sciegna-wiezadla\/freebute-2\/#breadcrumb","itemListElement":[{"@type":"ListItem","position":1,"name":"Home","item":"https:\/\/cavalor.com\/pl\/"},{"@type":"ListItem","position":2,"name":"Shop","item":"https:\/\/cavalor.com\/en-us\/shop-2\/"},{"@type":"ListItem","position":3,"name":"FreeBute"}]},{"@type":"WebSite","@id":"https:\/\/cavalor.com\/pl\/#website","url":"https:\/\/cavalor.com\/pl\/","name":"Cavalor","description":"Nutrition for horses","publisher":{"@id":"https:\/\/cavalor.com\/pl\/#organization"},"potentialAction":[{"@type":"SearchAction","target":{"@type":"EntryPoint","urlTemplate":"https:\/\/cavalor.com\/pl\/?s={search_term_string}"},"query-input":{"@type":"PropertyValueSpecification","valueRequired":true,"valueName":"search_term_string"}}],"inLanguage":"pl-PL"},{"@type":"Organization","@id":"https:\/\/cavalor.com\/pl\/#organization","name":"Cavalor","url":"https:\/\/cavalor.com\/pl\/","logo":{"@type":"ImageObject","inLanguage":"pl-PL","@id":"https:\/\/cavalor.com\/pl\/#\/schema\/logo\/image\/","url":"https:\/\/cavalor.com\/wp-content\/uploads\/2025\/03\/cavalor-logo.png","contentUrl":"https:\/\/cavalor.com\/wp-content\/uploads\/2025\/03\/cavalor-logo.png","width":696,"height":696,"caption":"Cavalor"},"image":{"@id":"https:\/\/cavalor.com\/pl\/#\/schema\/logo\/image\/"},"sameAs":["https:\/\/www.facebook.com\/yourcavalor","https:\/\/x.com\/cavalor","https:\/\/nl.linkedin.com\/company\/cavalor","https:\/\/www.youtube.com\/user\/CavalorVideo"],"description":"From the first steps in the world of equestrian sport to the ultimate partnership of horse and rider: we are here to accompany you on your journey. We assist you in making the right feed decisions to bring out the best in you and your horse. Not as a quick fix, but with a view to the horizon. We\u2019re committed to good health inside and out. Our products are created to meet the needs of your horse in any sport, any phase of life, and any specific requirements. Ambition is what drives us and makes us grow. All of us. At Cavalor, we challenge ourselves to gain more knowledge and improve continuously. That\u2019s how we develop our products; every product is borne of a rational and unique view on equine feeding and care \u2013 supported by scientific research and driven by the desire for the health of the horse and the meeting of its needs.","email":"info@cavalor.com","telephone":"+32 (0)9 220 25 25"}]}},"_links":{"self":[{"href":"https:\/\/cavalor.com\/pl\/wp-json\/wp\/v2\/product\/132114","targetHints":{"allow":["GET"]}}],"collection":[{"href":"https:\/\/cavalor.com\/pl\/wp-json\/wp\/v2\/product"}],"about":[{"href":"https:\/\/cavalor.com\/pl\/wp-json\/wp\/v2\/types\/product"}],"replies":[{"embeddable":true,"href":"https:\/\/cavalor.com\/pl\/wp-json\/wp\/v2\/comments?post=132114"}],"version-history":[{"count":0,"href":"https:\/\/cavalor.com\/pl\/wp-json\/wp\/v2\/product\/132114\/revisions"}],"wp:featuredmedia":[{"embeddable":true,"href":"https:\/\/cavalor.com\/pl\/wp-json\/wp\/v2\/media\/74970"}],"wp:attachment":[{"href":"https:\/\/cavalor.com\/pl\/wp-json\/wp\/v2\/media?parent=132114"}],"wp:term":[{"taxonomy":"product_brand","embeddable":true,"href":"https:\/\/cavalor.com\/pl\/wp-json\/wp\/v2\/product_brand?post=132114"},{"taxonomy":"product_cat","embeddable":true,"href":"https:\/\/cavalor.com\/pl\/wp-json\/wp\/v2\/product_cat?post=132114"},{"taxonomy":"product_tag","embeddable":true,"href":"https:\/\/cavalor.com\/pl\/wp-json\/wp\/v2\/product_tag?post=132114"},{"taxonomy":"doelgroep","embeddable":true,"href":"https:\/\/cavalor.com\/pl\/wp-json\/wp\/v2\/doelgroep?post=132114"},{"taxonomy":"_hot_topics_race","embeddable":true,"href":"https:\/\/cavalor.com\/pl\/wp-json\/wp\/v2\/_hot_topics_race?post=132114"},{"taxonomy":"search-archive","embeddable":true,"href":"https:\/\/cavalor.com\/pl\/wp-json\/wp\/v2\/search-archive?post=132114"},{"taxonomy":"bezorgdheden","embeddable":true,"href":"https:\/\/cavalor.com\/pl\/wp-json\/wp\/v2\/bezorgdheden?post=132114"},{"taxonomy":"nieuw","embeddable":true,"href":"https:\/\/cavalor.com\/pl\/wp-json\/wp\/v2\/nieuw?post=132114"},{"taxonomy":"focus","embeddable":true,"href":"https:\/\/cavalor.com\/pl\/wp-json\/wp\/v2\/focus?post=132114"},{"taxonomy":"life-phase","embeddable":true,"href":"https:\/\/cavalor.com\/pl\/wp-json\/wp\/v2\/life-phase?post=132114"},{"taxonomy":"range","embeddable":true,"href":"https:\/\/cavalor.com\/pl\/wp-json\/wp\/v2\/range?post=132114"},{"taxonomy":"sales-location","embeddable":true,"href":"https:\/\/cavalor.com\/pl\/wp-json\/wp\/v2\/sales-location?post=132114"},{"taxonomy":"product-category","embeddable":true,"href":"https:\/\/cavalor.com\/pl\/wp-json\/wp\/v2\/product-category?post=132114"},{"taxonomy":"_hot_topics","embeddable":true,"href":"https:\/\/cavalor.com\/pl\/wp-json\/wp\/v2\/_hot_topics?post=132114"}],"curies":[{"name":"wp","href":"https:\/\/api.w.org\/{rel}","templated":true}]}}